{"id":130535,"date":"2026-04-26T19:32:07","date_gmt":"2026-04-26T23:32:07","guid":{"rendered":"https:\/\/filetgourmet.ca\/?post_type=product&#038;p=130535"},"modified":"2026-04-26T20:03:36","modified_gmt":"2026-04-27T00:03:36","slug":"menu-du-mois-avril-copy","status":"publish","type":"product","link":"https:\/\/filetgourmet.ca\/fr\/produit\/menu-du-mois-avril-copy\/","title":{"rendered":"Menu du mois \u2013 Mai"},"content":{"rendered":"<h1 class=\"x_elementToProof\">Menu du Mois \u2013 Mai<\/h1>\n<p class=\"x_elementToProof\"><span data-ogsc=\"rgb(0, 0, 0)\">Une exp\u00e9rience gourmande exclusive sign\u00e9e <b data-ogsc=\"\">Filet Gourmet<\/b><\/span><\/p>\n<p class=\"x_elementToProof\">D\u00e9couvrez notre s\u00e9lection exceptionnelle de <strong>mai<\/strong>, pens\u00e9e pour lancer la saison du BBQ avec des saveurs audacieuses et des produits de qualit\u00e9 sup\u00e9rieure. Un \u00e9quilibre parfait entre grillades, marinades savoureuses et classiques revisit\u00e9s, id\u00e9al pour vos repas en famille ou entre amis.<\/p>\n<p class=\"x_elementToProof\"><span data-ogsc=\"rgb(0, 0, 0)\"><b data-ogsc=\"\">Votre menu comprend :<\/b><\/span><\/p>\n<div class=\"x_elementToProof\" data-ogsc=\"rgb(0, 0, 0)\">2 biftecks cajun<br \/>\n4 brochettes de b\u0153uf \u00e0 l\u2019ail noir<br \/>\n4 galettes de burger aux \u00e9pices \u00e0 steak<br \/>\n1 lb de b\u0153uf hach\u00e9<br \/>\n4 m\u00e9daillons de porc jalape\u00f1o tequila<br \/>\n4 brochettes mignonnes de porc \u00e0 l\u2019\u00e9rable<br \/>\n2 bavettes de porc Dijon<br \/>\n2 poitrines de poulet citron et agrumes<br \/>\n500 g de patates grelots \u00e0 la truffe et au parmesan<br \/>\n1 lb de lani\u00e8res de poulet mexicaines<br \/>\n6 souvlakis de poulet proven\u00e7aux<br \/>\n1\/2 poulet de grain aux herbes et beurre<br \/>\n1 bloc de halloumi ail et parmesan<\/div>\n<p class=\"x_elementToProof\"><span data-ogsc=\"rgb(0, 0, 0)\"><b data-ogsc=\"\">Viande de qualit\u00e9 sup\u00e9rieure, saveur in\u00e9gal\u00e9e !<\/b><br \/>\nTous nos produits sont soigneusement pr\u00e9par\u00e9s par nos bouchers artisans \u00e0 partir de viandes haut de gamme, parfaitement assaisonn\u00e9es pour des r\u00e9sultats exceptionnels sur le grill.<br \/>\n<\/span><\/p>\n<p class=\"x_elementToProof\"><span data-ogsc=\"rgb(0, 0, 0)\"><b data-ogsc=\"\">Valeur imbattable :<\/b><br \/>\nPrix r\u00e9gulier chez le boucher : 190 $<br \/>\nSp\u00e9cial du mois : seulement 150 $ avec un abonnement !<\/span><\/p>\n<p class=\"x_elementToProof\"><span data-ogsc=\"rgb(0, 0, 0)\">\u2705 <b data-ogsc=\"\">Quantit\u00e9 limit\u00e9e \u2013 Commandez d\u00e8s maintenant !<\/b><\/span><\/p>\n<p>Offrez-vous le meilleur de Filet Gourmet et savourez chaque bouch\u00e9e.<\/p>\n","protected":false},"excerpt":{"rendered":"<p>Menu du Mois \u2013 Mai Une exp\u00e9rience gourmande exclusive sign\u00e9e Filet Gourmet D\u00e9couvrez notre s\u00e9lection exceptionnelle de mai, pens\u00e9e pour lancer la saison du BBQ avec des saveurs audacieuses et des produits de qualit\u00e9 sup\u00e9rieure. Un \u00e9quilibre parfait entre grillades, marinades savoureuses et classiques revisit\u00e9s, id\u00e9al pour vos repas en famille ou entre amis. Votre [&hellip;]<\/p>\n","protected":false},"featured_media":130542,"comment_status":"open","ping_status":"closed","template":"","meta":[],"product_brand":[],"product_cat":[612],"product_tag":[],"class_list":{"0":"post-130535","1":"product","2":"type-product","3":"status-publish","4":"has-post-thumbnail","6":"product_cat-non-categorise","8":"first","9":"instock","10":"shipping-taxable","11":"purchasable","12":"product-type-variable"},"_links":{"self":[{"href":"https:\/\/filetgourmet.ca\/fr\/wp-json\/wp\/v2\/product\/130535","targetHints":{"allow":["GET"]}}],"collection":[{"href":"https:\/\/filetgourmet.ca\/fr\/wp-json\/wp\/v2\/product"}],"about":[{"href":"https:\/\/filetgourmet.ca\/fr\/wp-json\/wp\/v2\/types\/product"}],"replies":[{"embeddable":true,"href":"https:\/\/filetgourmet.ca\/fr\/wp-json\/wp\/v2\/comments?post=130535"}],"wp:featuredmedia":[{"embeddable":true,"href":"https:\/\/filetgourmet.ca\/fr\/wp-json\/wp\/v2\/media\/130542"}],"wp:attachment":[{"href":"https:\/\/filetgourmet.ca\/fr\/wp-json\/wp\/v2\/media?parent=130535"}],"wp:term":[{"taxonomy":"product_brand","embeddable":true,"href":"https:\/\/filetgourmet.ca\/fr\/wp-json\/wp\/v2\/product_brand?post=130535"},{"taxonomy":"product_cat","embeddable":true,"href":"https:\/\/filetgourmet.ca\/fr\/wp-json\/wp\/v2\/product_cat?post=130535"},{"taxonomy":"product_tag","embeddable":true,"href":"https:\/\/filetgourmet.ca\/fr\/wp-json\/wp\/v2\/product_tag?post=130535"}],"curies":[{"name":"wp","href":"https:\/\/api.w.org\/{rel}","templated":true}]}}