{"id":130272,"date":"2026-01-20T21:18:12","date_gmt":"2026-01-20T21:18:12","guid":{"rendered":"https:\/\/filetgourmet.ca\/product\/menu-du-mois\/"},"modified":"2026-03-30T14:39:59","modified_gmt":"2026-03-30T18:39:59","slug":"menu-du-mois","status":"publish","type":"product","link":"https:\/\/filetgourmet.ca\/fr\/produit\/menu-du-mois\/","title":{"rendered":"Menu du mois"},"content":{"rendered":"<h1 class=\"x_elementToProof\">Menu du Mois \u2013 Avril<\/h1>\n<p class=\"x_elementToProof\"><span data-ogsc=\"rgb(0, 0, 0)\">Une exp\u00e9rience gourmande exclusive sign\u00e9e <b data-ogsc=\"\">Filet Gourmet<\/b><\/span><\/p>\n<p class=\"x_elementToProof\"><span data-ogsc=\"rgb(0, 0, 0)\">D\u00e9couvrez notre s\u00e9lection exceptionnelle <b data-ogsc=\"\">d&rsquo;avril,<\/b> soigneusement pr\u00e9par\u00e9e pour apporter fra\u00eecheur et saveurs \u00e0 votre table ce printemps. Un parfait \u00e9quilibre entre d\u00e9couvertes, classiques revisit\u00e9s et produits de qualit\u00e9, id\u00e9al pour les repas en famille ou les soir\u00e9es entre amis. <\/span><\/p>\n<p class=\"x_elementToProof\"><span data-ogsc=\"rgb(0, 0, 0)\"><b data-ogsc=\"\">Votre menu comprend :<\/b><\/span><\/p>\n<div class=\"x_elementToProof\" data-ogsc=\"rgb(0, 0, 0)\">4 brochettes de poulet chili-mangue<\/div>\n<div class=\"x_elementToProof\" data-ogsc=\"rgb(0, 0, 0)\">4 cuisses de poulet au chipotle et miel \u00e9pic\u00e9<\/div>\n<div class=\"x_elementToProof\" data-ogsc=\"rgb(0, 0, 0)\">4 tournedos de poulet cajun<\/div>\n<div class=\"x_elementToProof\" data-ogsc=\"rgb(0, 0, 0)\">4 saucisses de poulet portugaises<\/div>\n<div class=\"x_elementToProof\" data-ogsc=\"rgb(0, 0, 0)\">1 lb de lani\u00e8res de porc \u00e0 l\u2019\u00e9rable<\/div>\n<div class=\"x_elementToProof\" data-ogsc=\"rgb(0, 0, 0)\">1 lb de porc hach\u00e9<\/div>\n<div class=\"x_elementToProof\" data-ogsc=\"rgb(0, 0, 0)\">2 roul\u00e9s de porc farcis au brocoli, bacon et fromage<\/div>\n<div class=\"x_elementToProof\" data-ogsc=\"rgb(0, 0, 0)\">1 jambon toupie<\/div>\n<div class=\"x_elementToProof\" data-ogsc=\"rgb(0, 0, 0)\">1 lb de cube de b\u0153uf \u00e0 la marinade au vin rouge<\/div>\n<div class=\"x_elementToProof\" data-ogsc=\"rgb(0, 0, 0)\">2 bavettes de veau de lait<\/div>\n<div class=\"x_elementToProof\" data-ogsc=\"rgb(0, 0, 0)\">300 g de smoked meat fait maison \u00e0 la bi\u00e8re<\/div>\n<div class=\"x_elementToProof\" data-ogsc=\"rgb(0, 0, 0)\">12 crevettes chimichurri<\/div>\n<div class=\"x_elementToProof\" data-ogsc=\"rgb(0, 0, 0)\">2 Gourmet Stix fromage bacon<\/div>\n<div class=\"x_elementToProof\" data-ogsc=\"rgb(0, 0, 0)\">Trilogie de caramel (collaboration avec La Lich\u00e9e)<\/div>\n<p class=\"x_elementToProof\"><span data-ogsc=\"rgb(0, 0, 0)\"><b data-ogsc=\"\">Viande de qualit\u00e9 sup\u00e9rieure, saveur in\u00e9gal\u00e9e !<\/b><br \/>\nTous nos produits sont r\u00e9alis\u00e9s \u00e0 partir de viandes haut de gamme, marin\u00e9es ou pr\u00e9par\u00e9es avec soin par nos bouchers artisans.<\/span><\/p>\n<p class=\"x_elementToProof\"><span data-ogsc=\"rgb(0, 0, 0)\"><b data-ogsc=\"\">Valeur imbattable :<\/b><br \/>\nPrix r\u00e9gulier chez le boucher : 190 $<br \/>\nSp\u00e9cial du mois : seulement 150 $ !<\/span><\/p>\n<p class=\"x_elementToProof\"><span data-ogsc=\"rgb(0, 0, 0)\">\u2705 <b data-ogsc=\"\">Quantit\u00e9 limit\u00e9e \u2013 Commandez d\u00e8s maintenant !<\/b><br \/>\n<br \/>Offrez-vous le meilleur de Filet Gourmet et savourez chaque bouch\u00e9e.<\/span><\/p>\n","protected":false},"excerpt":{"rendered":"<p>Menu du Mois \u2013 Avril Une exp\u00e9rience gourmande exclusive sign\u00e9e Filet Gourmet D\u00e9couvrez notre s\u00e9lection exceptionnelle d&rsquo;avril, soigneusement pr\u00e9par\u00e9e pour apporter fra\u00eecheur et saveurs \u00e0 votre table ce printemps. Un parfait \u00e9quilibre entre d\u00e9couvertes, classiques revisit\u00e9s et produits de qualit\u00e9, id\u00e9al pour les repas en famille ou les soir\u00e9es entre amis. Votre menu comprend : [&hellip;]<\/p>\n","protected":false},"featured_media":130257,"comment_status":"open","ping_status":"closed","template":"","meta":[],"product_brand":[],"product_cat":[612],"product_tag":[],"class_list":{"0":"post-130272","1":"product","2":"type-product","3":"status-publish","4":"has-post-thumbnail","6":"product_cat-non-categorise","7":"_wholesalex wsx-wholesalex-product","9":"first","10":"instock","11":"shipping-taxable","12":"purchasable","13":"product-type-simple"},"_links":{"self":[{"href":"https:\/\/filetgourmet.ca\/fr\/wp-json\/wp\/v2\/product\/130272","targetHints":{"allow":["GET"]}}],"collection":[{"href":"https:\/\/filetgourmet.ca\/fr\/wp-json\/wp\/v2\/product"}],"about":[{"href":"https:\/\/filetgourmet.ca\/fr\/wp-json\/wp\/v2\/types\/product"}],"replies":[{"embeddable":true,"href":"https:\/\/filetgourmet.ca\/fr\/wp-json\/wp\/v2\/comments?post=130272"}],"wp:featuredmedia":[{"embeddable":true,"href":"https:\/\/filetgourmet.ca\/fr\/wp-json\/wp\/v2\/media\/130257"}],"wp:attachment":[{"href":"https:\/\/filetgourmet.ca\/fr\/wp-json\/wp\/v2\/media?parent=130272"}],"wp:term":[{"taxonomy":"product_brand","embeddable":true,"href":"https:\/\/filetgourmet.ca\/fr\/wp-json\/wp\/v2\/product_brand?post=130272"},{"taxonomy":"product_cat","embeddable":true,"href":"https:\/\/filetgourmet.ca\/fr\/wp-json\/wp\/v2\/product_cat?post=130272"},{"taxonomy":"product_tag","embeddable":true,"href":"https:\/\/filetgourmet.ca\/fr\/wp-json\/wp\/v2\/product_tag?post=130272"}],"curies":[{"name":"wp","href":"https:\/\/api.w.org\/{rel}","templated":true}]}}