{"id":6212,"date":"2025-11-11T15:12:58","date_gmt":"2025-11-11T15:12:58","guid":{"rendered":"https:\/\/filetgourmet.ca\/conditions-generales-dutilisation-2\/"},"modified":"2025-11-11T15:28:03","modified_gmt":"2025-11-11T15:28:03","slug":"conditions-generales-dutilisation-2","status":"publish","type":"page","link":"https:\/\/filetgourmet.ca\/fr\/conditions-generales-dutilisation-2\/","title":{"rendered":"Conditions g\u00e9n\u00e9rales d&rsquo;utilisation"},"content":{"rendered":"\t\t<div data-elementor-type=\"wp-page\" data-elementor-id=\"6212\" class=\"elementor elementor-6212 elementor-6206\" wpc-filter-elementor-widget=\"1\">\n\t\t\t\t<div class=\"elementor-element elementor-element-4b07f81 e-flex e-con-boxed e-con e-parent\" data-id=\"4b07f81\" data-element_type=\"container\" data-e-type=\"container\">\n\t\t\t\t\t<div class=\"e-con-inner\">\n\t\t<div class=\"elementor-element elementor-element-c6f2244 e-con-full e-flex e-con e-child\" data-id=\"c6f2244\" data-element_type=\"container\" data-e-type=\"container\">\n\t\t\t\t<div class=\"elementor-element elementor-element-43bf414 elementor-widget elementor-widget-heading\" data-id=\"43bf414\" data-element_type=\"widget\" data-e-type=\"widget\" data-widget_type=\"heading.default\">\n\t\t\t\t<div class=\"elementor-widget-container\">\n\t\t\t\t\t<h4 class=\"elementor-heading-title elementor-size-default\">Filet Gourmet - Conditions d'abonnement \u00e0 la bo\u00eete \u00e0 menu mensuelle<\/h4>\t\t\t\t<\/div>\n\t\t\t\t<\/div>\n\t\t\t\t<\/div>\n\t\t<div class=\"elementor-element elementor-element-2a083fc e-con-full e-flex e-con e-child\" data-id=\"2a083fc\" data-element_type=\"container\" data-e-type=\"container\">\n\t\t\t\t<div class=\"elementor-element elementor-element-d97612f elementor-widget elementor-widget-text-editor\" data-id=\"d97612f\" data-element_type=\"widget\" data-e-type=\"widget\" data-widget_type=\"text-editor.default\">\n\t\t\t\t<div class=\"elementor-widget-container\">\n\t\t\t\t\t\t\t\t\t<p><span data-olk-copy-source=\"MessageBody\">En vous abonnant \u00e0 la bo\u00eete \u00e0 menu mensuelle Filet Gourmet, vous acceptez les conditions suivantes concernant les paiements, les livraisons, les renouvellements, les annulations et les pauses :<\/span><\/p>\t\t\t\t\t\t\t\t<\/div>\n\t\t\t\t<\/div>\n\t\t\t\t<\/div>\n\t\t<div class=\"elementor-element elementor-element-bd5bd5b e-con-full e-flex e-con e-child\" data-id=\"bd5bd5b\" data-element_type=\"container\" data-e-type=\"container\">\n\t\t\t\t<div class=\"elementor-element elementor-element-51252ea elementor-widget elementor-widget-heading\" data-id=\"51252ea\" data-element_type=\"widget\" data-e-type=\"widget\" data-widget_type=\"heading.default\">\n\t\t\t\t<div class=\"elementor-widget-container\">\n\t\t\t\t\t<h4 class=\"elementor-heading-title elementor-size-default\">1. Abonnement initial<\/h4>\t\t\t\t<\/div>\n\t\t\t\t<\/div>\n\t\t\t\t<\/div>\n\t\t<div class=\"elementor-element elementor-element-08a19f2 e-con-full e-flex e-con e-child\" data-id=\"08a19f2\" data-element_type=\"container\" data-e-type=\"container\">\n\t\t\t\t<div class=\"elementor-element elementor-element-a80f48d elementor-widget elementor-widget-text-editor\" data-id=\"a80f48d\" data-element_type=\"widget\" data-e-type=\"widget\" data-widget_type=\"text-editor.default\">\n\t\t\t\t<div class=\"elementor-widget-container\">\n\t\t\t\t\t\t\t\t\t<p class=\"x_MsoNormal\" data-olk-copy-source=\"MessageBody\">Lorsque vous vous abonnez, le paiement de votre premi\u00e8re bo\u00eete \u00e0 menu mensuelle sera d\u00e9bit\u00e9 imm\u00e9diatement le jour de l&rsquo;abonnement. Une fois le paiement confirm\u00e9, vous pourrez choisir la date d&rsquo;enl\u00e8vement ou de livraison de votre choix parmi les options disponibles. <\/p>\t\t\t\t\t\t\t\t<\/div>\n\t\t\t\t<\/div>\n\t\t\t\t<\/div>\n\t\t<div class=\"elementor-element elementor-element-83a502c e-con-full e-flex e-con e-child\" data-id=\"83a502c\" data-element_type=\"container\" data-e-type=\"container\">\n\t\t\t\t<div class=\"elementor-element elementor-element-3b392be elementor-widget elementor-widget-heading\" data-id=\"3b392be\" data-element_type=\"widget\" data-e-type=\"widget\" data-widget_type=\"heading.default\">\n\t\t\t\t<div class=\"elementor-widget-container\">\n\t\t\t\t\t<h4 class=\"elementor-heading-title elementor-size-default\">2. Renouvellement de l'abonnement<\/h4>\t\t\t\t<\/div>\n\t\t\t\t<\/div>\n\t\t\t\t<\/div>\n\t\t<div class=\"elementor-element elementor-element-dcc613d e-con-full e-flex e-con e-child\" data-id=\"dcc613d\" data-element_type=\"container\" data-e-type=\"container\">\n\t\t\t\t<div class=\"elementor-element elementor-element-66cd356 elementor-widget elementor-widget-text-editor\" data-id=\"66cd356\" data-element_type=\"widget\" data-e-type=\"widget\" data-widget_type=\"text-editor.default\">\n\t\t\t\t<div class=\"elementor-widget-container\">\n\t\t\t\t\t\t\t\t\t<p><span data-olk-copy-source=\"MessageBody\">Votre abonnement est renouvel\u00e9 automatiquement chaque mois. Le paiement du renouvellement est effectu\u00e9 le vendredi pr\u00e9c\u00e9dant la date d&rsquo;enl\u00e8vement ou de livraison pr\u00e9vue pour la semaine suivante. <\/span><\/p>\t\t\t\t\t\t\t\t<\/div>\n\t\t\t\t<\/div>\n\t\t\t\t<div class=\"elementor-element elementor-element-672ed9b elementor-widget elementor-widget-heading\" data-id=\"672ed9b\" data-element_type=\"widget\" data-e-type=\"widget\" data-widget_type=\"heading.default\">\n\t\t\t\t<div class=\"elementor-widget-container\">\n\t\t\t\t\t<h4 class=\"elementor-heading-title elementor-size-default\">3. S\u00e9lections pour la m\u00eame semaine<\/h4>\t\t\t\t<\/div>\n\t\t\t\t<\/div>\n\t\t\t\t<div class=\"elementor-element elementor-element-84c16b0 elementor-widget elementor-widget-text-editor\" data-id=\"84c16b0\" data-element_type=\"widget\" data-e-type=\"widget\" data-widget_type=\"text-editor.default\">\n\t\t\t\t<div class=\"elementor-widget-container\">\n\t\t\t\t\t\t\t\t\t<p><span data-olk-copy-source=\"MessageBody\">Si vous choisissez une date d&rsquo;enl\u00e8vement ou de livraison qui tombe au cours de la m\u00eame semaine que votre cycle de renouvellement, le paiement sera d\u00e9bit\u00e9 le jour m\u00eame o\u00f9 vous avez choisi la date.<\/span><\/p>\t\t\t\t\t\t\t\t<\/div>\n\t\t\t\t<\/div>\n\t\t\t\t<div class=\"elementor-element elementor-element-abe8129 elementor-widget elementor-widget-heading\" data-id=\"abe8129\" data-element_type=\"widget\" data-e-type=\"widget\" data-widget_type=\"heading.default\">\n\t\t\t\t<div class=\"elementor-widget-container\">\n\t\t\t\t\t<h4 class=\"elementor-heading-title elementor-size-default\">4. Pause<\/h4>\t\t\t\t<\/div>\n\t\t\t\t<\/div>\n\t\t\t\t<div class=\"elementor-element elementor-element-f15bb3b elementor-widget elementor-widget-text-editor\" data-id=\"f15bb3b\" data-element_type=\"widget\" data-e-type=\"widget\" data-widget_type=\"text-editor.default\">\n\t\t\t\t<div class=\"elementor-widget-container\">\n\t\t\t\t\t\t\t\t\t<p>Chaque abonn\u00e9 a droit \u00e0 une (1) pause par an. Une fois cette pause utilis\u00e9e, aucune pause suppl\u00e9mentaire ne sera autoris\u00e9e pendant le reste de la p\u00e9riode d&rsquo;abonnement.<br>Si vous utilisez votre seule pause, la bo\u00eete \u00e0 menu mensuelle gratuite normalement pr\u00e9vue pour le 12e mois sera report\u00e9e au 13e mois. <\/p>\t\t\t\t\t\t\t\t<\/div>\n\t\t\t\t<\/div>\n\t\t\t\t<div class=\"elementor-element elementor-element-5d83a40 elementor-widget elementor-widget-heading\" data-id=\"5d83a40\" data-element_type=\"widget\" data-e-type=\"widget\" data-widget_type=\"heading.default\">\n\t\t\t\t<div class=\"elementor-widget-container\">\n\t\t\t\t\t<h4 class=\"elementor-heading-title elementor-size-default\">5. s\u00e9lection manqu\u00e9e de la date d'enl\u00e8vement ou de livraison<\/h4>\t\t\t\t<\/div>\n\t\t\t\t<\/div>\n\t\t\t\t<div class=\"elementor-element elementor-element-df9c32e elementor-widget elementor-widget-text-editor\" data-id=\"df9c32e\" data-element_type=\"widget\" data-e-type=\"widget\" data-widget_type=\"text-editor.default\">\n\t\t\t\t<div class=\"elementor-widget-container\">\n\t\t\t\t\t\t\t\t\t<p>Vous recevrez des rappels par courriel et message texte pour choisir votre date de cueillette ou de livraison avant la fin de chaque mois.<br>Si vous n\u2019effectuez pas votre s\u00e9lection \u00e0 temps et que votre pause annuelle est encore disponible, votre compte sera automatiquement mis en pause pour ce mois (et votre bo\u00eete gratuite passera au 13e mois).<br>Si votre pause a d\u00e9j\u00e0 \u00e9t\u00e9 utilis\u00e9e, votre abonnement sera annul\u00e9 et un montant \u00e9quivalant au rabais mensuel de 10 $ dont vous avez b\u00e9n\u00e9fici\u00e9 pendant votre abonnement sera factur\u00e9 sur le mode de paiement associ\u00e9 \u00e0 votre compte Filet Gourmet. Dans ce cas, vous perdrez \u00e9galement le droit \u00e0 votre Bo\u00eete Menu du Mois gratuite. Vous recevrez une confirmation de l\u2019annulation et des frais par courriel ou message texte.  <\/p>\t\t\t\t\t\t\t\t<\/div>\n\t\t\t\t<\/div>\n\t\t\t\t<div class=\"elementor-element elementor-element-eca4fed elementor-widget elementor-widget-heading\" data-id=\"eca4fed\" data-element_type=\"widget\" data-e-type=\"widget\" data-widget_type=\"heading.default\">\n\t\t\t\t<div class=\"elementor-widget-container\">\n\t\t\t\t\t<h4 class=\"elementor-heading-title elementor-size-default\">6. Engagement<\/h4>\t\t\t\t<\/div>\n\t\t\t\t<\/div>\n\t\t\t\t<div class=\"elementor-element elementor-element-9676374 elementor-widget elementor-widget-text-editor\" data-id=\"9676374\" data-element_type=\"widget\" data-e-type=\"widget\" data-widget_type=\"text-editor.default\">\n\t\t\t\t<div class=\"elementor-widget-container\">\n\t\t\t\t\t\t\t\t\t<p><span data-olk-copy-source=\"MessageBody\">En vous abonnant, vous autorisez Filet Gourmet \u00e0 d\u00e9biter automatiquement le moyen de paiement que vous avez fourni selon les r\u00e8gles d\u00e9crites ci-dessus, jusqu&rsquo;\u00e0 ce que vous annuliez votre abonnement ou qu&rsquo;il soit r\u00e9sili\u00e9 en vertu des pr\u00e9sentes conditions.<\/span><\/p>\t\t\t\t\t\t\t\t<\/div>\n\t\t\t\t<\/div>\n\t\t\t\t<div class=\"elementor-element elementor-element-efaa8f2 elementor-widget elementor-widget-heading\" data-id=\"efaa8f2\" data-element_type=\"widget\" data-e-type=\"widget\" data-widget_type=\"heading.default\">\n\t\t\t\t<div class=\"elementor-widget-container\">\n\t\t\t\t\t<h4 class=\"elementor-heading-title elementor-size-default\">7. Politique de d\u00e9faut de paiement<\/h4>\t\t\t\t<\/div>\n\t\t\t\t<\/div>\n\t\t\t\t<div class=\"elementor-element elementor-element-fac6210 elementor-widget elementor-widget-text-editor\" data-id=\"fac6210\" data-element_type=\"widget\" data-e-type=\"widget\" data-widget_type=\"text-editor.default\">\n\t\t\t\t<div class=\"elementor-widget-container\">\n\t\t\t\t\t\t\t\t\t<p>En cas d\u2019\u00e9chec de paiement, vous recevrez un courriel ou un message texte vous invitant \u00e0 mettre \u00e0 jour vos informations de paiement.<br>Si la situation n\u2019est pas corrig\u00e9e avant la date pr\u00e9vue de la transaction, votre Bo\u00eete Menu du Mois ne sera pas pr\u00e9par\u00e9e ni livr\u00e9e.<br>Apr\u00e8s deux tentatives de paiement \u00e9chou\u00e9es ou cinq jours ouvrables sans correction, votre abonnement sera automatiquement r\u00e9sili\u00e9 sans autre avis. Tout solde impay\u00e9 ou avantage promotionnel associ\u00e9 sera perdu. <\/p>\t\t\t\t\t\t\t\t<\/div>\n\t\t\t\t<\/div>\n\t\t\t\t<div class=\"elementor-element elementor-element-f2d617c elementor-widget elementor-widget-heading\" data-id=\"f2d617c\" data-element_type=\"widget\" data-e-type=\"widget\" data-widget_type=\"heading.default\">\n\t\t\t\t<div class=\"elementor-widget-container\">\n\t\t\t\t\t<h4 class=\"elementor-heading-title elementor-size-default\">Avertissement \u2013 Livraisons<\/h4>\t\t\t\t<\/div>\n\t\t\t\t<\/div>\n\t\t\t\t<div class=\"elementor-element elementor-element-dbda19a elementor-widget elementor-widget-text-editor\" data-id=\"dbda19a\" data-element_type=\"widget\" data-e-type=\"widget\" data-widget_type=\"text-editor.default\">\n\t\t\t\t<div class=\"elementor-widget-container\">\n\t\t\t\t\t\t\t\t\t<p><span data-olk-copy-source=\"MessageBody\">En passant une commande aupr\u00e8s de Filet Gourmet, vous reconnaissez et acceptez que si personne n\u2019est pr\u00e9sent \u00e0 l\u2019adresse de livraison au moment de la livraison, la compagnie de livraison peut laisser votre bo\u00eete devant votre porte. Filet Gourmet ne peut \u00eatre tenue responsable de toute perte, vol ou dommage \u00e0 la bo\u00eete une fois qu\u2019elle a \u00e9t\u00e9 livr\u00e9e \u00e0 l\u2019adresse indiqu\u00e9e. <\/span><\/p>\t\t\t\t\t\t\t\t<\/div>\n\t\t\t\t<\/div>\n\t\t\t\t<div class=\"elementor-element elementor-element-c4b6b7d elementor-widget elementor-widget-heading\" data-id=\"c4b6b7d\" data-element_type=\"widget\" data-e-type=\"widget\" data-widget_type=\"heading.default\">\n\t\t\t\t<div class=\"elementor-widget-container\">\n\t\t\t\t\t<h4 class=\"elementor-heading-title elementor-size-default\">Avertissement \u2013 Ramassages<\/h4>\t\t\t\t<\/div>\n\t\t\t\t<\/div>\n\t\t\t\t<div class=\"elementor-element elementor-element-c015cfb elementor-widget elementor-widget-text-editor\" data-id=\"c015cfb\" data-element_type=\"widget\" data-e-type=\"widget\" data-widget_type=\"text-editor.default\">\n\t\t\t\t<div class=\"elementor-widget-container\">\n\t\t\t\t\t\t\t\t\t<p class=\"x_MsoNormal\" data-olk-copy-source=\"MessageBody\">En choisissant l\u2019option de ramassage en magasin, vous reconnaissez et acceptez que votre bo\u00eete du menu mensuel doit \u00eatre r\u00e9cup\u00e9r\u00e9e dans un d\u00e9lai de sept (7) jours suivant la date de ramassage pr\u00e9vue. Pass\u00e9 ce d\u00e9lai, Filet Gourmet ne peut garantir la fra\u00eecheur ou la disponibilit\u00e9 des produits. Les bo\u00eetes non r\u00e9cup\u00e9r\u00e9es ne seront ni rembours\u00e9es ni remplac\u00e9es, et tout avantage promotionnel ou rabais associ\u00e9 \u00e0 la bo\u00eete du mois concern\u00e9 sera perdu.  <\/p><p class=\"x_MsoNormal\"> <\/p>\t\t\t\t\t\t\t\t<\/div>\n\t\t\t\t<\/div>\n\t\t\t\t<\/div>\n\t\t\t\t\t<\/div>\n\t\t\t\t<\/div>\n\t\t\t\t<\/div>\n\t\t","protected":false},"excerpt":{"rendered":"<p>Filet Gourmet &#8211; Conditions d&rsquo;abonnement \u00e0 la bo\u00eete \u00e0 menu mensuelle En vous abonnant \u00e0 la bo\u00eete \u00e0 menu mensuelle Filet Gourmet, vous acceptez les conditions suivantes concernant les paiements, les livraisons, les renouvellements, les annulations et les pauses : 1. Abonnement initial Lorsque vous vous abonnez, le paiement de votre premi\u00e8re bo\u00eete \u00e0 menu [&hellip;]<\/p>\n","protected":false},"author":1,"featured_media":0,"parent":0,"menu_order":0,"comment_status":"closed","ping_status":"closed","template":"elementor_canvas","meta":{"footnotes":""},"class_list":["post-6212","page","type-page","status-publish","hentry"],"blocksy_meta":[],"_links":{"self":[{"href":"https:\/\/filetgourmet.ca\/fr\/wp-json\/wp\/v2\/pages\/6212","targetHints":{"allow":["GET"]}}],"collection":[{"href":"https:\/\/filetgourmet.ca\/fr\/wp-json\/wp\/v2\/pages"}],"about":[{"href":"https:\/\/filetgourmet.ca\/fr\/wp-json\/wp\/v2\/types\/page"}],"author":[{"embeddable":true,"href":"https:\/\/filetgourmet.ca\/fr\/wp-json\/wp\/v2\/users\/1"}],"replies":[{"embeddable":true,"href":"https:\/\/filetgourmet.ca\/fr\/wp-json\/wp\/v2\/comments?post=6212"}],"version-history":[{"count":1,"href":"https:\/\/filetgourmet.ca\/fr\/wp-json\/wp\/v2\/pages\/6212\/revisions"}],"predecessor-version":[{"id":6213,"href":"https:\/\/filetgourmet.ca\/fr\/wp-json\/wp\/v2\/pages\/6212\/revisions\/6213"}],"wp:attachment":[{"href":"https:\/\/filetgourmet.ca\/fr\/wp-json\/wp\/v2\/media?parent=6212"}],"curies":[{"name":"wp","href":"https:\/\/api.w.org\/{rel}","templated":true}]}}