{"id":4752,"date":"2025-09-30T19:42:37","date_gmt":"2025-09-30T19:42:37","guid":{"rendered":"https:\/\/filetgourmet.ca\/conditions-generales-dutilisation\/"},"modified":"2025-12-01T19:42:13","modified_gmt":"2025-12-01T19:42:13","slug":"conditions-generales-dutilisation","status":"publish","type":"page","link":"https:\/\/filetgourmet.ca\/fr\/conditions-generales-dutilisation\/","title":{"rendered":"Conditions g\u00e9n\u00e9rales d&rsquo;utilisation"},"content":{"rendered":"<h4>Filet Gourmet &#8211; Conditions d&rsquo;abonnement \u00e0 la bo\u00eete \u00e0 menu mensuelle<\/h4>\n<p>En vous abonnant \u00e0 la bo\u00eete \u00e0 menu mensuelle Filet Gourmet, vous acceptez les conditions suivantes concernant les paiements, les livraisons, les renouvellements, les annulations et les pauses :<\/p>\n<h4>1. Abonnement initial<\/h4>\n<p>Lorsque vous vous abonnez, le paiement de votre premi\u00e8re bo\u00eete \u00e0 menu mensuelle sera d\u00e9bit\u00e9 imm\u00e9diatement le jour de l\u2019abonnement. Une fois le paiement confirm\u00e9, vous pourrez choisir la date de ramassage ou de livraison de votre choix parmi les options disponibles.<\/p>\n<h4>2. Renouvellement de l&rsquo;abonnement<\/h4>\n<p>Votre abonnement est renouvel\u00e9 automatiquement chaque mois. Le paiement du renouvellement est effectu\u00e9 le vendredi pr\u00e9c\u00e9dant la date d&rsquo;enl\u00e8vement ou de livraison pr\u00e9vue pour la semaine suivante. <\/p>\n<h4>3. S\u00e9lections pour la m\u00eame semaine<\/h4>\n<p>Si vous choisissez une date d&rsquo;enl\u00e8vement ou de livraison qui tombe au cours de la m\u00eame semaine que votre cycle de renouvellement, le paiement sera d\u00e9bit\u00e9 le jour m\u00eame o\u00f9 vous avez choisi la date.<\/p>\n<h4>4. Pause<\/h4>\n<p>Chaque abonn\u00e9 a droit \u00e0 une (1) pause par an. Une fois cette pause utilis\u00e9e, aucune pause suppl\u00e9mentaire ne sera autoris\u00e9e pendant le reste de la p\u00e9riode d\u2019abonnement.<br \/>Si vous utilisez votre seule pause, la bo\u00eete \u00e0 menu mensuelle gratuite normalement pr\u00e9vue pour le 12e mois sera report\u00e9e au 13e mois.<\/p>\n<h4>5. s\u00e9lection manqu\u00e9e de la date d&rsquo;enl\u00e8vement ou de livraison<\/h4>\n<p>Vous recevrez des rappels par courriel et message texte pour choisir votre date de enl\u00e8vement ou de livraison avant la fin de chaque mois.<br \/>Si vous n\u2019effectuez pas votre s\u00e9lection \u00e0 temps et que votre pause annuelle est encore disponible, votre compte sera automatiquement mis en pause pour ce mois (et votre bo\u00eete gratuite passera au 13e mois).<br \/>Si votre pause a d\u00e9j\u00e0 \u00e9t\u00e9 utilis\u00e9e, votre abonnement sera annul\u00e9 et un montant \u00e9quivalant au rabais mensuel de 10 $ dont vous avez b\u00e9n\u00e9fici\u00e9 pendant votre abonnement sera factur\u00e9 sur le mode de paiement associ\u00e9 \u00e0 votre compte Filet Gourmet. Dans ce cas, vous perdrez \u00e9galement le droit \u00e0 votre bo\u00eete \u00e0 menu mensuelle gratuite. Vous recevrez une confirmation de l\u2019annulation et des frais par courriel ou message texte.<\/p>\n<h4>6. Engagement<\/h4>\n<p>En vous abonnant, vous autorisez Filet Gourmet \u00e0 d\u00e9biter automatiquement le moyen de paiement que vous avez fourni selon les r\u00e8gles d\u00e9crites ci-dessus, jusqu\u2019\u00e0 ce que vous annuliez votre abonnement ou qu\u2019il soit r\u00e9sili\u00e9 en vertu des pr\u00e9sentes conditions.<\/p>\n<h4>7. Politique de d\u00e9faut de paiement<\/h4>\n<p>En cas d\u2019\u00e9chec de paiement, vous recevrez un courriel ou un message texte vous invitant \u00e0 mettre \u00e0 jour vos informations de paiement.<br \/>Si la situation n\u2019est pas corrig\u00e9e avant la date pr\u00e9vue de la transaction, votre Bo\u00eete Menu du Mois ne sera pas pr\u00e9par\u00e9e ni livr\u00e9e.<br \/>Apr\u00e8s deux tentatives de paiement \u00e9chou\u00e9es ou cinq jours ouvrables sans correction, votre abonnement sera automatiquement r\u00e9sili\u00e9 sans autre avis. Tout solde impay\u00e9 ou avantage promotionnel associ\u00e9 sera perdu.<\/p>\n<h4>Clause de non-responsabilit\u00e9 \u2013 Livraisons<\/h4>\n<p>En passant une commande aupr\u00e8s de Filet Gourmet, vous reconnaissez et acceptez que si personne n\u2019est pr\u00e9sent \u00e0 l\u2019adresse de livraison au moment de la livraison, la compagnie de livraison puisse laisser votre bo\u00eete devant votre porte. Filet Gourmet ne peut \u00eatre tenue responsable de toute perte, vol ou dommage \u00e0 la bo\u00eete une fois celle-ci livr\u00e9e \u00e0 l\u2019adresse indiqu\u00e9e.<\/p>\n<h4>Clause de non-responsabilit\u00e9 \u2013 Ramassage<\/h4>\n<p>En choisissant l\u2019option de ramassage en magasin, vous reconnaissez et acceptez que votre Bo\u00eete Menu du Mois doit \u00eatre r\u00e9cup\u00e9r\u00e9e dans un d\u00e9lai de sept (7) jours suivant la date de ramassage pr\u00e9vue. Pass\u00e9 ce d\u00e9lai, Filet Gourmet ne peut garantir la fra\u00eecheur ou la disponibilit\u00e9 des produits. Les bo\u00eetes non r\u00e9clam\u00e9es ne seront ni rembours\u00e9es ni remplac\u00e9es, et tout avantage promotionnel ou rabais associ\u00e9 \u00e0 la bo\u00eete de ce mois sera perdu.<\/p>\n","protected":false},"excerpt":{"rendered":"<p>Filet Gourmet &#8211; Conditions d&rsquo;abonnement \u00e0 la bo\u00eete \u00e0 menu mensuelle En vous abonnant \u00e0 la bo\u00eete \u00e0 menu mensuelle Filet Gourmet, vous acceptez les conditions suivantes concernant les paiements, les livraisons, les renouvellements, les annulations et les pauses : 1. Abonnement initial Lorsque vous vous abonnez, le paiement de votre premi\u00e8re bo\u00eete \u00e0 menu [&hellip;]<\/p>\n","protected":false},"author":1,"featured_media":0,"parent":0,"menu_order":0,"comment_status":"closed","ping_status":"closed","template":"","meta":{"footnotes":""},"class_list":["post-4752","page","type-page","status-publish","hentry"],"blocksy_meta":[],"_links":{"self":[{"href":"https:\/\/filetgourmet.ca\/fr\/wp-json\/wp\/v2\/pages\/4752","targetHints":{"allow":["GET"]}}],"collection":[{"href":"https:\/\/filetgourmet.ca\/fr\/wp-json\/wp\/v2\/pages"}],"about":[{"href":"https:\/\/filetgourmet.ca\/fr\/wp-json\/wp\/v2\/types\/page"}],"author":[{"embeddable":true,"href":"https:\/\/filetgourmet.ca\/fr\/wp-json\/wp\/v2\/users\/1"}],"replies":[{"embeddable":true,"href":"https:\/\/filetgourmet.ca\/fr\/wp-json\/wp\/v2\/comments?post=4752"}],"version-history":[{"count":5,"href":"https:\/\/filetgourmet.ca\/fr\/wp-json\/wp\/v2\/pages\/4752\/revisions"}],"predecessor-version":[{"id":97698,"href":"https:\/\/filetgourmet.ca\/fr\/wp-json\/wp\/v2\/pages\/4752\/revisions\/97698"}],"wp:attachment":[{"href":"https:\/\/filetgourmet.ca\/fr\/wp-json\/wp\/v2\/media?parent=4752"}],"curies":[{"name":"wp","href":"https:\/\/api.w.org\/{rel}","templated":true}]}}