{"id":3761,"date":"2025-07-14T19:28:03","date_gmt":"2025-07-14T19:28:03","guid":{"rendered":"https:\/\/filetgourmet.ca\/boites-a-viande\/"},"modified":"2026-04-29T17:29:45","modified_gmt":"2026-04-29T21:29:45","slug":"boites-a-viande","status":"publish","type":"page","link":"https:\/\/filetgourmet.ca\/fr\/boites-a-viande\/","title":{"rendered":"Bo\u00eetes \u00e0 viande"},"content":{"rendered":"\t\t<div data-elementor-type=\"wp-page\" data-elementor-id=\"3761\" class=\"elementor elementor-3761 elementor-3547\" wpc-filter-elementor-widget=\"1\">\n\t\t\t\t<div class=\"elementor-element elementor-element-b8c61f5 e-con-full e-flex e-con e-parent\" data-id=\"b8c61f5\" data-element_type=\"container\" data-e-type=\"container\">\n\t\t<div class=\"elementor-element elementor-element-25112db e-con-full e-flex e-con e-child\" data-id=\"25112db\" data-element_type=\"container\" data-e-type=\"container\" data-settings=\"{&quot;background_background&quot;:&quot;classic&quot;}\">\n\t\t\t\t<div class=\"elementor-element elementor-element-932251e elementor-widget elementor-widget-shortcode\" data-id=\"932251e\" data-element_type=\"widget\" data-e-type=\"widget\" data-widget_type=\"shortcode.default\">\n\t\t\t\t<div class=\"elementor-widget-container\">\n\t\t\t\t\t\t\t<div class=\"elementor-shortcode\"><\/div>\n\t\t\t\t\t\t<\/div>\n\t\t\t\t<\/div>\n\t\t\t\t<div class=\"elementor-element elementor-element-6e3ef7b elementor-widget elementor-widget-heading\" data-id=\"6e3ef7b\" data-element_type=\"widget\" data-e-type=\"widget\" data-widget_type=\"heading.default\">\n\t\t\t\t<div class=\"elementor-widget-container\">\n\t\t\t\t\t<h2 class=\"elementor-heading-title elementor-size-default\">Bo\u00eetes \u00e0 viande<\/h2>\t\t\t\t<\/div>\n\t\t\t\t<\/div>\n\t\t\t\t<div class=\"elementor-element elementor-element-0109c9c elementor-widget elementor-widget-heading\" data-id=\"0109c9c\" data-element_type=\"widget\" data-e-type=\"widget\" data-widget_type=\"heading.default\">\n\t\t\t\t<div class=\"elementor-widget-container\">\n\t\t\t\t\t<h6 class=\"elementor-heading-title elementor-size-default\">Faites votre choix parmi notre s\u00e9lection de bo\u00eetes de viande de qualit\u00e9 sup\u00e9rieure comprenant des morceaux tri\u00e9s sur le volet et provenant de sources locales, soigneusement emball\u00e9s pour apporter les meilleures saveurs directement dans votre cuisine.<\/h6>\t\t\t\t<\/div>\n\t\t\t\t<\/div>\n\t\t\t\t<\/div>\n\t\t\t\t<\/div>\n\t\t<div class=\"elementor-element elementor-element-e753414 e-con-full e-flex e-con e-parent\" data-id=\"e753414\" data-element_type=\"container\" data-e-type=\"container\">\n\t\t\t\t<div class=\"elementor-element elementor-element-5af897c elementor-widget elementor-widget-custom_template_slider\" data-id=\"5af897c\" data-element_type=\"widget\" data-e-type=\"widget\" data-widget_type=\"custom_template_slider.default\">\n\t\t\t\t<div class=\"elementor-widget-container\">\n\t\t\t\t\t<div class=\"custom-template-slider swiper single-slide\" data-single-slide=\"hide_controls\"><div class=\"swiper-wrapper\"><div class=\"swiper-slide\">\t\t<div data-elementor-type=\"container\" data-elementor-id=\"3759\" class=\"elementor elementor-3759 elementor-3655 elementor-3655\" wpc-filter-elementor-widget=\"1\">\n\t\t\t\t<div class=\"elementor-element elementor-element-c4803cd e-con-full elementor-hidden-mobile e-flex e-con e-parent\" data-id=\"c4803cd\" data-element_type=\"container\" data-e-type=\"container\" data-settings=\"{&quot;background_background&quot;:&quot;classic&quot;}\">\n\t\t<div class=\"elementor-element elementor-element-98e68e8 e-con-full e-flex e-con e-child\" data-id=\"98e68e8\" data-element_type=\"container\" data-e-type=\"container\" data-settings=\"{&quot;background_background&quot;:&quot;classic&quot;}\">\n\t\t\t\t<div class=\"elementor-element elementor-element-958ad35 elementor-widget elementor-widget-heading\" data-id=\"958ad35\" data-element_type=\"widget\" data-e-type=\"widget\" data-widget_type=\"heading.default\">\n\t\t\t\t<div class=\"elementor-widget-container\">\n\t\t\t\t\t<h2 class=\"elementor-heading-title elementor-size-default\">MENU DU MOIS<\/h2>\t\t\t\t<\/div>\n\t\t\t\t<\/div>\n\t\t\t\t<div class=\"elementor-element elementor-element-f8a785e elementor-widget elementor-widget-heading\" data-id=\"f8a785e\" data-element_type=\"widget\" data-e-type=\"widget\" data-widget_type=\"heading.default\">\n\t\t\t\t<div class=\"elementor-widget-container\">\n\t\t\t\t\t<h5 class=\"elementor-heading-title elementor-size-default\">Meilleur rapport qualit\u00e9-prix pour une viande de qualit\u00e9 sup\u00e9rieure.<\/h5>\t\t\t\t<\/div>\n\t\t\t\t<\/div>\n\t\t\t\t<div class=\"elementor-element elementor-element-30ddba7 elementor-widget elementor-widget-heading\" data-id=\"30ddba7\" data-element_type=\"widget\" data-e-type=\"widget\" data-widget_type=\"heading.default\">\n\t\t\t\t<div class=\"elementor-widget-container\">\n\t\t\t\t\t<h2 class=\"elementor-heading-title elementor-size-default\">$<del>190 $<\/del> 150<\/h2>\t\t\t\t<\/div>\n\t\t\t\t<\/div>\n\t\t\t\t<div class=\"elementor-element elementor-element-583da3f elementor-widget elementor-widget-heading\" data-id=\"583da3f\" data-element_type=\"widget\" data-e-type=\"widget\" data-widget_type=\"heading.default\">\n\t\t\t\t<div class=\"elementor-widget-container\">\n\t\t\t\t\t<p class=\"elementor-heading-title elementor-size-default\"><br>Pour garantir la fra\u00eecheur et la qualit\u00e9, chaque bo\u00eete est soumise \u00e0 des frais de scellage sous vide de 10 dollars.<\/p>\t\t\t\t<\/div>\n\t\t\t\t<\/div>\n\t\t\t\t<div class=\"elementor-element elementor-element-d88d883 elementor-mobile-align-center elementor-widget elementor-widget-button\" data-id=\"d88d883\" data-element_type=\"widget\" data-e-type=\"widget\" data-widget_type=\"button.default\">\n\t\t\t\t<div class=\"elementor-widget-container\">\n\t\t\t\t\t\t\t\t\t<div class=\"elementor-button-wrapper\">\n\t\t\t\t\t<a class=\"elementor-button elementor-button-link elementor-size-sm\" href=\"https:\/\/filetgourmet.ca\/fr\/produit\/menu-du-mois\/\">\n\t\t\t\t\t\t<span class=\"elementor-button-content-wrapper\">\n\t\t\t\t\t\t\t\t\t<span class=\"elementor-button-text\">ACHETER<\/span>\n\t\t\t\t\t<\/span>\n\t\t\t\t\t<\/a>\n\t\t\t\t<\/div>\n\t\t\t\t\t\t\t\t<\/div>\n\t\t\t\t<\/div>\n\t\t\t\t<\/div>\n\t\t<div class=\"elementor-element elementor-element-6198091 e-con-full e-flex e-con e-child\" data-id=\"6198091\" data-element_type=\"container\" data-e-type=\"container\" data-settings=\"{&quot;background_background&quot;:&quot;classic&quot;}\">\n\t\t\t\t<div class=\"elementor-element elementor-element-ed6414a elementor-widget__width-initial elementor-widget elementor-widget-video\" data-id=\"ed6414a\" data-element_type=\"widget\" data-e-type=\"widget\" data-settings=\"{&quot;video_type&quot;:&quot;hosted&quot;,&quot;loop&quot;:&quot;yes&quot;,&quot;controls&quot;:&quot;yes&quot;}\" data-widget_type=\"video.default\">\n\t\t\t\t<div class=\"elementor-widget-container\">\n\t\t\t\t\t\t\t<div class=\"e-hosted-video elementor-wrapper elementor-open-inline\">\n\t\t\t\t\t<video class=\"elementor-video\" src=\"https:\/\/filetgourmet.ca\/wp-content\/uploads\/2026\/04\/08-Filet-Gourmet-T22-C17-capsule-08-menus-du-mois-de-mai.mp4\" loop=\"\" controls=\"\" preload=\"metadata\" controlsList=\"nodownload\"><\/video>\n\t\t\t\t<\/div>\n\t\t\t\t\t\t<\/div>\n\t\t\t\t<\/div>\n\t\t\t\t<\/div>\n\t\t<div class=\"elementor-element elementor-element-d7ade0b e-con-full e-flex e-con e-child\" data-id=\"d7ade0b\" data-element_type=\"container\" data-e-type=\"container\" data-settings=\"{&quot;background_background&quot;:&quot;classic&quot;}\">\n\t\t\t\t<div class=\"elementor-element elementor-element-5179f4d elementor-widget elementor-widget-image\" data-id=\"5179f4d\" data-element_type=\"widget\" data-e-type=\"widget\" data-widget_type=\"image.default\">\n\t\t\t\t<div class=\"elementor-widget-container\">\n\t\t\t\t\t\t\t\t\t\t\t\t\t\t\t\t<a href=\"https:\/\/filetgourmet.ca\/wp-content\/uploads\/2026\/04\/Menu_Mai_fr.jpg\" data-elementor-open-lightbox=\"yes\" data-elementor-lightbox-title=\"Menu_Mai_fr\" data-e-action-hash=\"#elementor-action%3Aaction%3Dlightbox%26settings%3DeyJpZCI6MTMwNTQyLCJ1cmwiOiJodHRwczpcL1wvZmlsZXRnb3VybWV0LmNhXC93cC1jb250ZW50XC91cGxvYWRzXC8yMDI2XC8wNFwvTWVudV9NYWlfZnIuanBnIn0%3D\">\n\t\t\t\t\t\t\t<img fetchpriority=\"high\" decoding=\"async\" width=\"800\" height=\"1000\" src=\"https:\/\/filetgourmet.ca\/wp-content\/uploads\/2026\/04\/Menu_Mai_fr.jpg\" class=\"attachment-full size-full wp-image-130542\" alt=\"\" srcset=\"https:\/\/filetgourmet.ca\/wp-content\/uploads\/2026\/04\/Menu_Mai_fr.jpg 800w, https:\/\/filetgourmet.ca\/wp-content\/uploads\/2026\/04\/Menu_Mai_fr-240x300.jpg 240w, https:\/\/filetgourmet.ca\/wp-content\/uploads\/2026\/04\/Menu_Mai_fr-768x960.jpg 768w, https:\/\/filetgourmet.ca\/wp-content\/uploads\/2026\/04\/Menu_Mai_fr-64x80.jpg 64w, https:\/\/filetgourmet.ca\/wp-content\/uploads\/2026\/04\/Menu_Mai_fr-300x375.jpg 300w\" sizes=\"(max-width: 800px) 100vw, 800px\" \/>\t\t\t\t\t\t\t\t<\/a>\n\t\t\t\t\t\t\t\t\t\t\t\t\t\t\t<\/div>\n\t\t\t\t<\/div>\n\t\t\t\t<\/div>\n\t\t\t\t<\/div>\n\t\t<div class=\"elementor-element elementor-element-5d427a1 e-con-full elementor-hidden-desktop elementor-hidden-tablet e-flex e-con e-parent\" data-id=\"5d427a1\" data-element_type=\"container\" data-e-type=\"container\" data-settings=\"{&quot;background_background&quot;:&quot;classic&quot;}\">\n\t\t<div class=\"elementor-element elementor-element-1396839 e-con-full e-flex e-con e-child\" data-id=\"1396839\" data-element_type=\"container\" data-e-type=\"container\" data-settings=\"{&quot;background_background&quot;:&quot;classic&quot;}\">\n\t\t\t\t<div class=\"elementor-element elementor-element-39e764e elementor-widget elementor-widget-heading\" data-id=\"39e764e\" data-element_type=\"widget\" data-e-type=\"widget\" data-widget_type=\"heading.default\">\n\t\t\t\t<div class=\"elementor-widget-container\">\n\t\t\t\t\t<h2 class=\"elementor-heading-title elementor-size-default\">MENU DU MOIS<\/h2>\t\t\t\t<\/div>\n\t\t\t\t<\/div>\n\t\t\t\t<div class=\"elementor-element elementor-element-9b6b516 elementor-widget elementor-widget-heading\" data-id=\"9b6b516\" data-element_type=\"widget\" data-e-type=\"widget\" data-widget_type=\"heading.default\">\n\t\t\t\t<div class=\"elementor-widget-container\">\n\t\t\t\t\t<h5 class=\"elementor-heading-title elementor-size-default\">Meilleur rapport qualit\u00e9-prix pour une viande de qualit\u00e9 sup\u00e9rieure.<\/h5>\t\t\t\t<\/div>\n\t\t\t\t<\/div>\n\t\t\t\t<div class=\"elementor-element elementor-element-ad3db3e elementor-widget elementor-widget-heading\" data-id=\"ad3db3e\" data-element_type=\"widget\" data-e-type=\"widget\" data-widget_type=\"heading.default\">\n\t\t\t\t<div class=\"elementor-widget-container\">\n\t\t\t\t\t<h2 class=\"elementor-heading-title elementor-size-default\">$<del>190 $<\/del> 150<\/h2>\t\t\t\t<\/div>\n\t\t\t\t<\/div>\n\t\t\t\t<div class=\"elementor-element elementor-element-097e7a6 elementor-widget elementor-widget-heading\" data-id=\"097e7a6\" data-element_type=\"widget\" data-e-type=\"widget\" data-widget_type=\"heading.default\">\n\t\t\t\t<div class=\"elementor-widget-container\">\n\t\t\t\t\t<p class=\"elementor-heading-title elementor-size-default\"><br>Pour garantir la fra\u00eecheur et la qualit\u00e9, chaque bo\u00eete est soumise \u00e0 des frais de scellage sous vide de 10 dollars.<\/p>\t\t\t\t<\/div>\n\t\t\t\t<\/div>\n\t\t\t\t<div class=\"elementor-element elementor-element-27cc0e9 elementor-mobile-align-center elementor-widget elementor-widget-button\" data-id=\"27cc0e9\" data-element_type=\"widget\" data-e-type=\"widget\" data-widget_type=\"button.default\">\n\t\t\t\t<div class=\"elementor-widget-container\">\n\t\t\t\t\t\t\t\t\t<div class=\"elementor-button-wrapper\">\n\t\t\t\t\t<a class=\"elementor-button elementor-button-link elementor-size-sm\" href=\"https:\/\/filetgourmet.ca\/fr\/produit\/menu-du-mois\/\">\n\t\t\t\t\t\t<span class=\"elementor-button-content-wrapper\">\n\t\t\t\t\t\t\t\t\t<span class=\"elementor-button-text\">ACHETER<\/span>\n\t\t\t\t\t<\/span>\n\t\t\t\t\t<\/a>\n\t\t\t\t<\/div>\n\t\t\t\t\t\t\t\t<\/div>\n\t\t\t\t<\/div>\n\t\t\t\t<\/div>\n\t\t<div class=\"elementor-element elementor-element-0aa0ff0 e-con-full e-flex e-con e-child\" data-id=\"0aa0ff0\" data-element_type=\"container\" data-e-type=\"container\" data-settings=\"{&quot;background_background&quot;:&quot;classic&quot;}\">\n\t\t<div class=\"elementor-element elementor-element-71ccd75 e-con-full e-flex e-con e-child\" data-id=\"71ccd75\" data-element_type=\"container\" data-e-type=\"container\">\n\t\t\t\t<div class=\"elementor-element elementor-element-7e6190a elementor-widget__width-initial elementor-widget elementor-widget-video\" data-id=\"7e6190a\" data-element_type=\"widget\" data-e-type=\"widget\" data-settings=\"{&quot;video_type&quot;:&quot;hosted&quot;,&quot;loop&quot;:&quot;yes&quot;,&quot;controls&quot;:&quot;yes&quot;}\" data-widget_type=\"video.default\">\n\t\t\t\t<div class=\"elementor-widget-container\">\n\t\t\t\t\t\t\t<div class=\"e-hosted-video elementor-wrapper elementor-open-inline\">\n\t\t\t\t\t<video class=\"elementor-video\" src=\"https:\/\/filetgourmet.ca\/wp-content\/uploads\/2026\/04\/08-Filet-Gourmet-T22-C17-capsule-08-menus-du-mois-de-mai.mp4\" loop=\"\" controls=\"\" preload=\"metadata\" controlsList=\"nodownload\"><\/video>\n\t\t\t\t<\/div>\n\t\t\t\t\t\t<\/div>\n\t\t\t\t<\/div>\n\t\t\t\t<\/div>\n\t\t<div class=\"elementor-element elementor-element-e275e12 e-con-full e-flex e-con e-child\" data-id=\"e275e12\" data-element_type=\"container\" data-e-type=\"container\" data-settings=\"{&quot;background_background&quot;:&quot;classic&quot;}\">\n\t\t\t\t<div class=\"elementor-element elementor-element-d3432e9 elementor-widget elementor-widget-image\" data-id=\"d3432e9\" data-element_type=\"widget\" data-e-type=\"widget\" data-widget_type=\"image.default\">\n\t\t\t\t<div class=\"elementor-widget-container\">\n\t\t\t\t\t\t\t\t\t\t\t\t\t\t\t\t<a href=\"https:\/\/filetgourmet.ca\/wp-content\/uploads\/2026\/04\/Menu_Mai_fr.jpg\" data-elementor-open-lightbox=\"yes\" data-elementor-lightbox-title=\"Menu_Mai_fr\" data-e-action-hash=\"#elementor-action%3Aaction%3Dlightbox%26settings%3DeyJpZCI6MTMwNTQyLCJ1cmwiOiJodHRwczpcL1wvZmlsZXRnb3VybWV0LmNhXC93cC1jb250ZW50XC91cGxvYWRzXC8yMDI2XC8wNFwvTWVudV9NYWlfZnIuanBnIn0%3D\">\n\t\t\t\t\t\t\t<img fetchpriority=\"high\" decoding=\"async\" width=\"800\" height=\"1000\" src=\"https:\/\/filetgourmet.ca\/wp-content\/uploads\/2026\/04\/Menu_Mai_fr.jpg\" class=\"attachment-full size-full wp-image-130542\" alt=\"\" srcset=\"https:\/\/filetgourmet.ca\/wp-content\/uploads\/2026\/04\/Menu_Mai_fr.jpg 800w, https:\/\/filetgourmet.ca\/wp-content\/uploads\/2026\/04\/Menu_Mai_fr-240x300.jpg 240w, https:\/\/filetgourmet.ca\/wp-content\/uploads\/2026\/04\/Menu_Mai_fr-768x960.jpg 768w, https:\/\/filetgourmet.ca\/wp-content\/uploads\/2026\/04\/Menu_Mai_fr-64x80.jpg 64w, https:\/\/filetgourmet.ca\/wp-content\/uploads\/2026\/04\/Menu_Mai_fr-300x375.jpg 300w\" sizes=\"(max-width: 800px) 100vw, 800px\" \/>\t\t\t\t\t\t\t\t<\/a>\n\t\t\t\t\t\t\t\t\t\t\t\t\t\t\t<\/div>\n\t\t\t\t<\/div>\n\t\t\t\t<\/div>\n\t\t\t\t<\/div>\n\t\t\t\t<\/div>\n\t\t\t\t<\/div>\n\t\t<\/div><\/div><\/div>\t\t\t\t<\/div>\n\t\t\t\t<\/div>\n\t\t<div class=\"elementor-element elementor-element-4925dab e-con-full elementor-hidden-desktop elementor-hidden-tablet elementor-hidden-mobile e-flex e-con e-child\" data-id=\"4925dab\" data-element_type=\"container\" data-e-type=\"container\">\n\t\t\t\t<div class=\"elementor-element elementor-element-30183f3 elementor-widget elementor-widget-woolentor-universal-product\" data-id=\"30183f3\" data-element_type=\"widget\" data-e-type=\"widget\" data-widget_type=\"woolentor-universal-product.default\">\n\t\t\t\t<div class=\"elementor-widget-container\">\n\t\t\t\t\t            \n                            <div class=\"ht-row\">                    <div class=\"woolentor-product-same-height ht-products woocommerce product-slider\" dir=\"ltr\" data-settings='{\"arrows\":true,\"dots\":false,\"autoplay\":false,\"infinite\":true,\"autoplay_speed\":0,\"animation_speed\":0,\"pause_on_hover\":true,\"rtl\":false,\"product_items\":3,\"scroll_columns\":3,\"tablet_width\":750,\"tablet_display_columns\":2,\"tablet_scroll_columns\":2,\"mobile_width\":480,\"mobile_display_columns\":1,\"mobile_scroll_columns\":1}' style='display:none' >\n\n                                            <\/div>\n                <\/div>            \n            \n        \t\t\t\t<\/div>\n\t\t\t\t<\/div>\n\t\t\t\t<div class=\"elementor-element elementor-element-36970a9 elementor-widget elementor-widget-html\" data-id=\"36970a9\" data-element_type=\"widget\" data-e-type=\"widget\" data-widget_type=\"html.default\">\n\t\t\t\t<div class=\"elementor-widget-container\">\n\t\t\t\t\t<style>ul.woolentor-action-btn-area li:not(.woolentor-cart) {\r\n    display: none !important;\r\n      \r\n  }\r\n  ul.woolentor-action-btn-area.woolentor-btn-text-cart {\r\n    width: 100% !important;\r\n    border-radius: 15px !important;\r\n}\r\n\r\nul.woolentor-action-btn-area li:not(.woolentor-cart) {\r\n    display: none !important;\r\n}\r\n\r\nul.woolentor-action-btn-area .woolentor-cart a.add_to_cart_button {\r\n    display: flex !important;\r\n    align-items: center !important;\r\n    justify-content: center !important;\r\n    text-align: center !important;\r\n}\r\n\r\n<\/style>\t\t\t\t<\/div>\n\t\t\t\t<\/div>\n\t\t\t\t<\/div>\n\t\t\t\t<\/div>\n\t\t\t\t<\/div>\n\t\t","protected":false},"excerpt":{"rendered":"<p>Bo\u00eetes \u00e0 viande Faites votre choix parmi notre s\u00e9lection de bo\u00eetes de viande de qualit\u00e9 sup\u00e9rieure comprenant des morceaux tri\u00e9s sur le volet et provenant de sources locales, soigneusement emball\u00e9s pour apporter les meilleures saveurs directement dans votre cuisine. MONTHLY MENU Best value for money for premium quality meat. $190 $150 To guarantee freshness and [&hellip;]<\/p>\n","protected":false},"author":1,"featured_media":0,"parent":0,"menu_order":0,"comment_status":"closed","ping_status":"closed","template":"elementor_header_footer","meta":{"footnotes":""},"class_list":["post-3761","page","type-page","status-publish","hentry"],"blocksy_meta":{"has_hero_section":"disabled","styles_descriptor":{"styles":{"desktop":"","tablet":"","mobile":""},"google_fonts":[],"version":6}},"_links":{"self":[{"href":"https:\/\/filetgourmet.ca\/fr\/wp-json\/wp\/v2\/pages\/3761","targetHints":{"allow":["GET"]}}],"collection":[{"href":"https:\/\/filetgourmet.ca\/fr\/wp-json\/wp\/v2\/pages"}],"about":[{"href":"https:\/\/filetgourmet.ca\/fr\/wp-json\/wp\/v2\/types\/page"}],"author":[{"embeddable":true,"href":"https:\/\/filetgourmet.ca\/fr\/wp-json\/wp\/v2\/users\/1"}],"replies":[{"embeddable":true,"href":"https:\/\/filetgourmet.ca\/fr\/wp-json\/wp\/v2\/comments?post=3761"}],"version-history":[{"count":7,"href":"https:\/\/filetgourmet.ca\/fr\/wp-json\/wp\/v2\/pages\/3761\/revisions"}],"predecessor-version":[{"id":130661,"href":"https:\/\/filetgourmet.ca\/fr\/wp-json\/wp\/v2\/pages\/3761\/revisions\/130661"}],"wp:attachment":[{"href":"https:\/\/filetgourmet.ca\/fr\/wp-json\/wp\/v2\/media?parent=3761"}],"curies":[{"name":"wp","href":"https:\/\/api.w.org\/{rel}","templated":true}]}}