{"id":3755,"date":"2025-07-14T17:46:33","date_gmt":"2025-07-14T17:46:33","guid":{"rendered":"https:\/\/filetgourmet.ca\/repas-prets-a-consommer\/"},"modified":"2025-10-27T14:41:44","modified_gmt":"2025-10-27T14:41:44","slug":"repas-prets-a-consommer","status":"publish","type":"page","link":"https:\/\/filetgourmet.ca\/fr\/repas-prets-a-consommer\/","title":{"rendered":"Repas pr\u00eats \u00e0 consommer"},"content":{"rendered":"\t\t<div data-elementor-type=\"wp-page\" data-elementor-id=\"3755\" class=\"elementor elementor-3755 elementor-3488\" wpc-filter-elementor-widget=\"1\">\n\t\t\t\t<div class=\"elementor-element elementor-element-23a3b16 e-con-full e-flex e-con e-parent\" data-id=\"23a3b16\" data-element_type=\"container\" data-e-type=\"container\" data-settings=\"{&quot;background_background&quot;:&quot;classic&quot;}\">\n\t\t\t\t<div class=\"elementor-element elementor-element-d829e3e elementor-widget elementor-widget-shortcode\" data-id=\"d829e3e\" data-element_type=\"widget\" data-e-type=\"widget\" data-widget_type=\"shortcode.default\">\n\t\t\t\t<div class=\"elementor-widget-container\">\n\t\t\t\t\t\t\t<div class=\"elementor-shortcode\"><\/div>\n\t\t\t\t\t\t<\/div>\n\t\t\t\t<\/div>\n\t\t\t\t<div class=\"elementor-element elementor-element-d1025d4 elementor-widget elementor-widget-heading\" data-id=\"d1025d4\" data-element_type=\"widget\" data-e-type=\"widget\" data-widget_type=\"heading.default\">\n\t\t\t\t<div class=\"elementor-widget-container\">\n\t\t\t\t\t<h2 class=\"elementor-heading-title elementor-size-default\">Nos repas pr\u00eats \u00e0 consommer<\/h2>\t\t\t\t<\/div>\n\t\t\t\t<\/div>\n\t\t\t\t<div class=\"elementor-element elementor-element-e3e1d6e elementor-widget elementor-widget-heading\" data-id=\"e3e1d6e\" data-element_type=\"widget\" data-e-type=\"widget\" data-widget_type=\"heading.default\">\n\t\t\t\t<div class=\"elementor-widget-container\">\n\t\t\t\t\t<h6 class=\"elementor-heading-title elementor-size-default\">Nos plats pr\u00eats \u00e0 manger sont pr\u00e9par\u00e9s avec des ingr\u00e9dients frais et de qualit\u00e9. Enti\u00e8rement cuits, ils sont pr\u00eats \u00e0 \u00eatre r\u00e9chauff\u00e9s pour un repas savoureux et pratique \u00e0 tout moment.<\/h6>\t\t\t\t<\/div>\n\t\t\t\t<\/div>\n\t\t\t\t<\/div>\n\t\t<div class=\"elementor-element elementor-element-62bb340 e-flex e-con-boxed e-con e-parent\" data-id=\"62bb340\" data-element_type=\"container\" data-e-type=\"container\">\n\t\t\t\t\t<div class=\"e-con-inner\">\n\t\t\t\t<div class=\"elementor-element elementor-element-95b1f1d elementor-widget elementor-widget-heading\" data-id=\"95b1f1d\" data-element_type=\"widget\" data-e-type=\"widget\" data-widget_type=\"heading.default\">\n\t\t\t\t<div class=\"elementor-widget-container\">\n\t\t\t\t\t<h2 class=\"elementor-heading-title elementor-size-default\">Bient\u00f4t disponible<\/h2>\t\t\t\t<\/div>\n\t\t\t\t<\/div>\n\t\t<div class=\"elementor-element elementor-element-711b4c1 e-con-full e-flex e-con e-child\" data-id=\"711b4c1\" data-element_type=\"container\" data-e-type=\"container\">\n\t\t\t\t<div class=\"elementor-element elementor-element-a8b2318 elementor-hidden-desktop elementor-hidden-tablet elementor-hidden-mobile elementor-widget elementor-widget-woolentor-universal-product\" data-id=\"a8b2318\" data-element_type=\"widget\" data-e-type=\"widget\" data-widget_type=\"woolentor-universal-product.default\">\n\t\t\t\t<div class=\"elementor-widget-container\">\n\t\t\t\t\t            \n                                                <div class=\"woolentor-product-same-height ht-products woocommerce ht-row\" dir=\"ltr\" data-settings=''  >\n\n                                            <\/div>\n                            \n            \n        \t\t\t\t<\/div>\n\t\t\t\t<\/div>\n\t\t\t\t<div class=\"elementor-element elementor-element-2e9fb9e elementor-widget elementor-widget-html\" data-id=\"2e9fb9e\" data-element_type=\"widget\" data-e-type=\"widget\" data-widget_type=\"html.default\">\n\t\t\t\t<div class=\"elementor-widget-container\">\n\t\t\t\t\t<style>\r\n  ul.woolentor-action-btn-area li:not(.woolentor-cart) {\r\n    display: none !important;\r\n      \r\n  }\r\n  ul.woolentor-action-btn-area.woolentor-btn-text-cart {\r\n    width: 75% !important;\r\n    border-radius: 10px !important;\r\n    margin-top: 5px !important;\r\n}\r\nul.woolentor-action-btn-area li:not(.woolentor-cart) {\r\n    display: none !important;\r\n}\r\n\r\nul.woolentor-action-btn-area .woolentor-cart a.add_to_cart_button {\r\n    display: flex !important;\r\n    align-items: center !important;\r\n    justify-content: center !important;\r\n    text-align: center !important;\r\n}\r\n.ht-product-image-wrap .ht-product-image img {\r\n    border-radius: 15px;\r\n}\r\n\r\n<\/style>\r\n\t\t\t\t<\/div>\n\t\t\t\t<\/div>\n\t\t\t\t<\/div>\n\t\t\t\t\t<\/div>\n\t\t\t\t<\/div>\n\t\t\t\t<\/div>\n\t\t","protected":false},"excerpt":{"rendered":"<p>Nos repas pr\u00eats \u00e0 consommer Nos plats pr\u00eats \u00e0 manger sont pr\u00e9par\u00e9s avec des ingr\u00e9dients frais et de qualit\u00e9. Enti\u00e8rement cuits, ils sont pr\u00eats \u00e0 \u00eatre r\u00e9chauff\u00e9s pour un repas savoureux et pratique \u00e0 tout moment. Bient\u00f4t disponible<\/p>\n","protected":false},"author":1,"featured_media":0,"parent":0,"menu_order":0,"comment_status":"closed","ping_status":"closed","template":"elementor_header_footer","meta":{"footnotes":""},"class_list":["post-3755","page","type-page","status-publish","hentry"],"blocksy_meta":{"disable_featured_image":"no","disable_header":"no","has_hero_section":"disabled","styles_descriptor":{"styles":{"desktop":"","tablet":"","mobile":""},"google_fonts":[],"version":6}},"_links":{"self":[{"href":"https:\/\/filetgourmet.ca\/fr\/wp-json\/wp\/v2\/pages\/3755","targetHints":{"allow":["GET"]}}],"collection":[{"href":"https:\/\/filetgourmet.ca\/fr\/wp-json\/wp\/v2\/pages"}],"about":[{"href":"https:\/\/filetgourmet.ca\/fr\/wp-json\/wp\/v2\/types\/page"}],"author":[{"embeddable":true,"href":"https:\/\/filetgourmet.ca\/fr\/wp-json\/wp\/v2\/users\/1"}],"replies":[{"embeddable":true,"href":"https:\/\/filetgourmet.ca\/fr\/wp-json\/wp\/v2\/comments?post=3755"}],"version-history":[{"count":5,"href":"https:\/\/filetgourmet.ca\/fr\/wp-json\/wp\/v2\/pages\/3755\/revisions"}],"predecessor-version":[{"id":5355,"href":"https:\/\/filetgourmet.ca\/fr\/wp-json\/wp\/v2\/pages\/3755\/revisions\/5355"}],"wp:attachment":[{"href":"https:\/\/filetgourmet.ca\/fr\/wp-json\/wp\/v2\/media?parent=3755"}],"curies":[{"name":"wp","href":"https:\/\/api.w.org\/{rel}","templated":true}]}}