{"id":3342,"date":"2025-04-22T21:41:37","date_gmt":"2025-04-22T21:41:37","guid":{"rendered":"https:\/\/filetgourmet.ca\/sourcing\/"},"modified":"2025-07-18T21:34:57","modified_gmt":"2025-07-18T21:34:57","slug":"sourcing","status":"publish","type":"page","link":"https:\/\/filetgourmet.ca\/fr\/sourcing\/","title":{"rendered":"Sourcing"},"content":{"rendered":"\t\t<div data-elementor-type=\"wp-page\" data-elementor-id=\"3342\" class=\"elementor elementor-3342 elementor-1358\" wpc-filter-elementor-widget=\"1\">\n\t\t\t\t<div class=\"elementor-element elementor-element-86729c4 e-flex e-con-boxed e-con e-parent\" data-id=\"86729c4\" data-element_type=\"container\" data-e-type=\"container\">\n\t\t\t\t\t<div class=\"e-con-inner\">\n\t\t\t\t<div class=\"elementor-element elementor-element-a43000c elementor-widget elementor-widget-heading\" data-id=\"a43000c\" data-element_type=\"widget\" data-e-type=\"widget\" data-widget_type=\"heading.default\">\n\t\t\t\t<div class=\"elementor-widget-container\">\n\t\t\t\t\t<h2 class=\"elementor-heading-title elementor-size-default\">Pratiques d'approvisionnement chez FiletGourmet<\/h2>\t\t\t\t<\/div>\n\t\t\t\t<\/div>\n\t\t\t\t<div class=\"elementor-element elementor-element-2115d60 elementor-widget elementor-widget-heading\" data-id=\"2115d60\" data-element_type=\"widget\" data-e-type=\"widget\" data-widget_type=\"heading.default\">\n\t\t\t\t<div class=\"elementor-widget-container\">\n\t\t\t\t\t<p class=\"elementor-heading-title elementor-size-default\">Chez FiletGourmet, nous nous engageons \u00e0 travailler en partenariat avec des agriculteurs et des fournisseurs qui partagent notre volont\u00e9 d'\u00e9lever les animaux de mani\u00e8re naturelle, \u00e9thique et humaine. Nous appliquons des normes strictes pour garantir \u00e0 nos clients des prot\u00e9ines de la plus haute qualit\u00e9. Voici un aper\u00e7u de nos pratiques d'approvisionnement :  <\/p>\t\t\t\t<\/div>\n\t\t\t\t<\/div>\n\t\t\t\t\t<\/div>\n\t\t\t\t<\/div>\n\t\t<div class=\"elementor-element elementor-element-7c05be3 e-flex e-con-boxed e-con e-parent\" data-id=\"7c05be3\" data-element_type=\"container\" data-e-type=\"container\">\n\t\t\t\t\t<div class=\"e-con-inner\">\n\t\t<div class=\"elementor-element elementor-element-2a68a7c e-con-full e-flex e-con e-child\" data-id=\"2a68a7c\" data-element_type=\"container\" data-e-type=\"container\">\n\t\t\t\t<div class=\"elementor-element elementor-element-4e0913b elementor-widget elementor-widget-heading\" data-id=\"4e0913b\" data-element_type=\"widget\" data-e-type=\"widget\" data-widget_type=\"heading.default\">\n\t\t\t\t<div class=\"elementor-widget-container\">\n\t\t\t\t\t<h2 class=\"elementor-heading-title elementor-size-default\">100 % de b\u0153uf nourri \u00e0 l'herbe, fini \u00e0 l'herbe<\/h2>\t\t\t\t<\/div>\n\t\t\t\t<\/div>\n\t\t\t\t<div class=\"elementor-element elementor-element-f6d386f elementor-widget elementor-widget-image\" data-id=\"f6d386f\" data-element_type=\"widget\" data-e-type=\"widget\" data-widget_type=\"image.default\">\n\t\t\t\t<div class=\"elementor-widget-container\">\n\t\t\t\t\t\t\t\t\t\t\t\t\t\t\t<img fetchpriority=\"high\" decoding=\"async\" width=\"740\" height=\"493\" src=\"https:\/\/filetgourmet.ca\/wp-content\/uploads\/2025\/04\/cows-grazing-nature_23-215045497-min.png\" class=\"attachment-large size-large wp-image-3229\" alt=\"\" srcset=\"https:\/\/filetgourmet.ca\/wp-content\/uploads\/2025\/04\/cows-grazing-nature_23-215045497-min.png 740w, https:\/\/filetgourmet.ca\/wp-content\/uploads\/2025\/04\/cows-grazing-nature_23-215045497-min-300x200.png 300w, https:\/\/filetgourmet.ca\/wp-content\/uploads\/2025\/04\/cows-grazing-nature_23-215045497-min-80x53.png 80w, https:\/\/filetgourmet.ca\/wp-content\/uploads\/2025\/04\/cows-grazing-nature_23-215045497-min-600x400.png 600w\" sizes=\"(max-width: 740px) 100vw, 740px\" \/>\t\t\t\t\t\t\t\t\t\t\t\t\t\t\t<\/div>\n\t\t\t\t<\/div>\n\t\t\t\t<div class=\"elementor-element elementor-element-45f04aa elementor-widget elementor-widget-text-editor\" data-id=\"45f04aa\" data-element_type=\"widget\" data-e-type=\"widget\" data-widget_type=\"text-editor.default\">\n\t\t\t\t<div class=\"elementor-widget-container\">\n\t\t\t\t\t\t\t\t\t<ul><li class=\"\" data-start=\"510\" data-end=\"549\"><p class=\"\" data-start=\"512\" data-end=\"549\"><span class=\"relative -mx-px my-[-0.2rem] rounded px-px py-[0.2rem] transition-colors duration-100 ease-in-out\">Provenant de fermes canadiennes, notre b\u0153uf est enti\u00e8rement nourri et fini \u00e0 l&rsquo;herbe.<\/span><\/p><\/li><li class=\"\" data-start=\"550\" data-end=\"589\"><p class=\"\" data-start=\"552\" data-end=\"589\"><span class=\"relative -mx-px my-[-0.2rem] rounded px-px py-[0.2rem] transition-colors duration-100 ease-in-out\">Les bovins sont \u00e9lev\u00e9s en p\u00e2turage sans ajout d&rsquo;hormones ou d&rsquo;antibiotiques.<\/span><\/p><\/li><li class=\"\" data-start=\"590\" data-end=\"629\"><p class=\"\" data-start=\"592\" data-end=\"629\"><span class=\"relative -mx-px my-[-0.2rem] rounded px-px py-[0.2rem] transition-colors duration-100 ease-in-out\">Nous pratiquons le p\u00e2turage tournant, ce qui permet aux animaux de se d\u00e9placer librement et aux p\u00e2turages de se r\u00e9g\u00e9n\u00e9rer naturellement sans engrais artificiels, produits chimiques ou insecticides.<\/span><\/p><\/li><li class=\"\" data-start=\"630\" data-end=\"713\"><p class=\"\" data-start=\"632\" data-end=\"713\"><span class=\"relative -mx-px my-[-0.2rem] rounded px-px py-[0.2rem] transition-colors duration-100 ease-in-out\">Cette approche est b\u00e9n\u00e9fique pour l&rsquo;environnement, la sant\u00e9 des sols, le bien-\u00eatre des animaux et, en fin de compte, pour nos clients.<\/span><\/p><\/li><\/ul>\t\t\t\t\t\t\t\t<\/div>\n\t\t\t\t<\/div>\n\t\t\t\t<\/div>\n\t\t<div class=\"elementor-element elementor-element-bba1fdd e-con-full e-flex e-con e-child\" data-id=\"bba1fdd\" data-element_type=\"container\" data-e-type=\"container\">\n\t\t\t\t<div class=\"elementor-element elementor-element-af2192a elementor-widget elementor-widget-heading\" data-id=\"af2192a\" data-element_type=\"widget\" data-e-type=\"widget\" data-widget_type=\"heading.default\">\n\t\t\t\t<div class=\"elementor-widget-container\">\n\t\t\t\t\t<h2 class=\"elementor-heading-title elementor-size-default\">B\u0153uf Angus AAA \u00e9lev\u00e9 de fa\u00e7on \u00e9thique et nourri au v\u00e9g\u00e9tarien<\/h2>\t\t\t\t<\/div>\n\t\t\t\t<\/div>\n\t\t\t\t<div class=\"elementor-element elementor-element-894c590 elementor-widget elementor-widget-image\" data-id=\"894c590\" data-element_type=\"widget\" data-e-type=\"widget\" data-widget_type=\"image.default\">\n\t\t\t\t<div class=\"elementor-widget-container\">\n\t\t\t\t\t\t\t\t\t\t\t\t\t\t\t<img decoding=\"async\" width=\"1024\" height=\"705\" src=\"https:\/\/filetgourmet.ca\/wp-content\/uploads\/2025\/04\/CSA-1024x705.webp\" class=\"attachment-large size-large wp-image-3197\" alt=\"\" srcset=\"https:\/\/filetgourmet.ca\/wp-content\/uploads\/2025\/04\/CSA-1024x705.webp 1024w, https:\/\/filetgourmet.ca\/wp-content\/uploads\/2025\/04\/CSA-300x206.webp 300w, https:\/\/filetgourmet.ca\/wp-content\/uploads\/2025\/04\/CSA-768x529.webp 768w, https:\/\/filetgourmet.ca\/wp-content\/uploads\/2025\/04\/CSA-600x413.webp 600w, https:\/\/filetgourmet.ca\/wp-content\/uploads\/2025\/04\/CSA.webp 1065w\" sizes=\"(max-width: 1024px) 100vw, 1024px\" \/>\t\t\t\t\t\t\t\t\t\t\t\t\t\t\t<\/div>\n\t\t\t\t<\/div>\n\t\t\t\t<div class=\"elementor-element elementor-element-7491cb5 elementor-widget elementor-widget-text-editor\" data-id=\"7491cb5\" data-element_type=\"widget\" data-e-type=\"widget\" data-widget_type=\"text-editor.default\">\n\t\t\t\t<div class=\"elementor-widget-container\">\n\t\t\t\t\t\t\t\t\t<ul><li class=\"\" data-start=\"769\" data-end=\"808\"><p class=\"\" data-start=\"771\" data-end=\"808\"><span class=\"relative -mx-px my-[-0.2rem] rounded px-px py-[0.2rem] transition-colors duration-100 ease-in-out\">En collaboration avec Bar Five Angus, nous fournissons du b\u0153uf Angus AAA \u00e9lev\u00e9 en p\u00e2turage sans ajout d&rsquo;hormones ou d&rsquo;antibiotiques.<\/span><\/p><\/li><li class=\"\" data-start=\"809\" data-end=\"892\"><p class=\"\" data-start=\"811\" data-end=\"892\"><span class=\"relative -mx-px my-[-0.2rem] rounded px-px py-[0.2rem] transition-colors duration-100 ease-in-out\">Comme pour notre b\u0153uf nourri \u00e0 l&rsquo;herbe, le p\u00e2turage tournant est pratiqu\u00e9 pour favoriser la r\u00e9g\u00e9n\u00e9ration naturelle des p\u00e2turages et le bien-\u00eatre des animaux.<\/span><\/p><\/li><\/ul>\t\t\t\t\t\t\t\t<\/div>\n\t\t\t\t<\/div>\n\t\t\t\t<\/div>\n\t\t\t\t\t<\/div>\n\t\t\t\t<\/div>\n\t\t<div class=\"elementor-element elementor-element-bb534fc e-flex e-con-boxed e-con e-parent\" data-id=\"bb534fc\" data-element_type=\"container\" data-e-type=\"container\">\n\t\t\t\t\t<div class=\"e-con-inner\">\n\t\t\t\t<div class=\"elementor-element elementor-element-da72cf0 elementor-widget elementor-widget-heading\" data-id=\"da72cf0\" data-element_type=\"widget\" data-e-type=\"widget\" data-widget_type=\"heading.default\">\n\t\t\t\t<div class=\"elementor-widget-container\">\n\t\t\t\t\t<h2 class=\"elementor-heading-title elementor-size-default\">Comprendre la diff\u00e9rence : Finition au grain AAA vs. 100% nourri \u00e0 l'herbe, finition \u00e0 l'herbe<\/h2>\t\t\t\t<\/div>\n\t\t\t\t<\/div>\n\t\t\t\t<div class=\"elementor-element elementor-element-de724da elementor-widget elementor-widget-text-editor\" data-id=\"de724da\" data-element_type=\"widget\" data-e-type=\"widget\" data-widget_type=\"text-editor.default\">\n\t\t\t\t<div class=\"elementor-widget-container\">\n\t\t\t\t\t\t\t\t\t<ul><li class=\"\" data-start=\"983\" data-end=\"1022\"><p class=\"\" data-start=\"985\" data-end=\"1022\"><span class=\"relative -mx-px my-[-0.2rem] rounded px-px py-[0.2rem] transition-colors duration-100 ease-in-out\">Notre b\u0153uf 100 % nourri et fini \u00e0 l&rsquo;herbe provient de bovins qui ne consomment que des p\u00e2turages et du foin tout au long de leur vie, contribuant ainsi \u00e0 la fertilisation et \u00e0 la r\u00e9g\u00e9n\u00e9ration naturelles des p\u00e2turages.<\/span><\/p><\/li><li class=\"\" data-start=\"1023\" data-end=\"1108\"><p class=\"\" data-start=\"1025\" data-end=\"1108\"><span class=\"relative -mx-px my-[-0.2rem] rounded px-px py-[0.2rem] transition-colors duration-100 ease-in-out\">La viande de b\u0153uf AAA finie au grain est \u00e9galement \u00e9lev\u00e9e en p\u00e2turage mais re\u00e7oit un m\u00e9lange de grains sans OGM au cours des derni\u00e8res semaines avant la commercialisation afin d&rsquo;am\u00e9liorer le persillage, ce qui permet d&rsquo;obtenir la cat\u00e9gorie AAA.<\/span><\/p><\/li><\/ul>\t\t\t\t\t\t\t\t<\/div>\n\t\t\t\t<\/div>\n\t\t\t\t\t<\/div>\n\t\t\t\t<\/div>\n\t\t<div class=\"elementor-element elementor-element-8880ae0 e-flex e-con-boxed e-con e-parent\" data-id=\"8880ae0\" data-element_type=\"container\" data-e-type=\"container\">\n\t\t\t\t\t<div class=\"e-con-inner\">\n\t\t<div class=\"elementor-element elementor-element-c925a21 e-con-full e-flex e-con e-child\" data-id=\"c925a21\" data-element_type=\"container\" data-e-type=\"container\">\n\t\t\t\t<div class=\"elementor-element elementor-element-190cb3a elementor-widget elementor-widget-image\" data-id=\"190cb3a\" data-element_type=\"widget\" data-e-type=\"widget\" data-widget_type=\"image.default\">\n\t\t\t\t<div class=\"elementor-widget-container\">\n\t\t\t\t\t\t\t\t\t\t\t\t\t\t\t<img fetchpriority=\"high\" decoding=\"async\" width=\"740\" height=\"493\" src=\"https:\/\/filetgourmet.ca\/wp-content\/uploads\/2025\/04\/cows-grazing-nature_23-215045497-min.png\" class=\"attachment-large size-large wp-image-3229\" alt=\"\" srcset=\"https:\/\/filetgourmet.ca\/wp-content\/uploads\/2025\/04\/cows-grazing-nature_23-215045497-min.png 740w, https:\/\/filetgourmet.ca\/wp-content\/uploads\/2025\/04\/cows-grazing-nature_23-215045497-min-300x200.png 300w, https:\/\/filetgourmet.ca\/wp-content\/uploads\/2025\/04\/cows-grazing-nature_23-215045497-min-80x53.png 80w, https:\/\/filetgourmet.ca\/wp-content\/uploads\/2025\/04\/cows-grazing-nature_23-215045497-min-600x400.png 600w\" sizes=\"(max-width: 740px) 100vw, 740px\" \/>\t\t\t\t\t\t\t\t\t\t\t\t\t\t\t<\/div>\n\t\t\t\t<\/div>\n\t\t\t\t<\/div>\n\t\t<div class=\"elementor-element elementor-element-4675e72 e-con-full e-flex e-con e-child\" data-id=\"4675e72\" data-element_type=\"container\" data-e-type=\"container\">\n\t\t\t\t<div class=\"elementor-element elementor-element-c818b14 elementor-widget elementor-widget-heading\" data-id=\"c818b14\" data-element_type=\"widget\" data-e-type=\"widget\" data-widget_type=\"heading.default\">\n\t\t\t\t<div class=\"elementor-widget-container\">\n\t\t\t\t\t<h2 class=\"elementor-heading-title elementor-size-default\">Porc de l'Ontario<\/h2>\t\t\t\t<\/div>\n\t\t\t\t<\/div>\n\t\t\t\t<div class=\"elementor-element elementor-element-0361432 elementor-widget elementor-widget-text-editor\" data-id=\"0361432\" data-element_type=\"widget\" data-e-type=\"widget\" data-widget_type=\"text-editor.default\">\n\t\t\t\t<div class=\"elementor-widget-container\">\n\t\t\t\t\t\t\t\t\t<ul><li class=\"\" data-start=\"1128\" data-end=\"1169\"><p class=\"\" data-start=\"1130\" data-end=\"1169\"><span class=\"relative -mx-px my-[-0.2rem] rounded px-px py-[0.2rem] transition-colors duration-100 ease-in-out\">Nous travaillons en partenariat avec des \u00e9leveurs de porcs canadiens qui ont des dizaines d&rsquo;ann\u00e9es d&rsquo;exp\u00e9rience dans la production durable de viande de porc.<\/span><\/p><\/li><li class=\"\" data-start=\"1170\" data-end=\"1211\"><p class=\"\" data-start=\"1172\" data-end=\"1211\"><span class=\"relative -mx-px my-[-0.2rem] rounded px-px py-[0.2rem] transition-colors duration-100 ease-in-out\">Notre porc est \u00e9lev\u00e9 sans hormones de croissance ni produits chimiques et est exempt de ractopamine.<\/span><\/p><\/li><li class=\"\" data-start=\"1212\" data-end=\"1253\"><p class=\"\" data-start=\"1214\" data-end=\"1253\"><span class=\"relative -mx-px my-[-0.2rem] rounded px-px py-[0.2rem] transition-colors duration-100 ease-in-out\">Les agriculteurs nourrissent leurs animaux avec des produits cultiv\u00e9s dans leurs propres champs, ce qui leur assure une alimentation naturelle.<\/span><\/p><\/li><li class=\"\" data-start=\"1254\" data-end=\"1341\"><p class=\"\" data-start=\"1256\" data-end=\"1341\"><span class=\"relative -mx-px my-[-0.2rem] rounded px-px py-[0.2rem] transition-colors duration-100 ease-in-out\">Nous donnons la priorit\u00e9 \u00e0 des pratiques d&rsquo;\u00e9levage responsables, avec un minimum de stress et d&rsquo;interf\u00e9rence humaine.<\/span><\/p><\/li><\/ul>\t\t\t\t\t\t\t\t<\/div>\n\t\t\t\t<\/div>\n\t\t\t\t<\/div>\n\t\t\t\t\t<\/div>\n\t\t\t\t<\/div>\n\t\t<div class=\"elementor-element elementor-element-9fece6c e-flex e-con-boxed e-con e-parent\" data-id=\"9fece6c\" data-element_type=\"container\" data-e-type=\"container\">\n\t\t\t\t\t<div class=\"e-con-inner\">\n\t\t<div class=\"elementor-element elementor-element-93ce865 e-con-full e-flex e-con e-child\" data-id=\"93ce865\" data-element_type=\"container\" data-e-type=\"container\">\n\t\t\t\t<div class=\"elementor-element elementor-element-65cec86 elementor-widget elementor-widget-image\" data-id=\"65cec86\" data-element_type=\"widget\" data-e-type=\"widget\" data-widget_type=\"image.default\">\n\t\t\t\t<div class=\"elementor-widget-container\">\n\t\t\t\t\t\t\t\t\t\t\t\t\t\t\t<img decoding=\"async\" width=\"1024\" height=\"683\" src=\"https:\/\/filetgourmet.ca\/wp-content\/uploads\/2025\/04\/food-ordering-systems-for-restaurants-min-1024x683.jpg\" class=\"attachment-large size-large wp-image-3230\" alt=\"\" srcset=\"https:\/\/filetgourmet.ca\/wp-content\/uploads\/2025\/04\/food-ordering-systems-for-restaurants-min-1024x683.jpg 1024w, https:\/\/filetgourmet.ca\/wp-content\/uploads\/2025\/04\/food-ordering-systems-for-restaurants-min-300x200.jpg 300w, https:\/\/filetgourmet.ca\/wp-content\/uploads\/2025\/04\/food-ordering-systems-for-restaurants-min-768x512.jpg 768w, https:\/\/filetgourmet.ca\/wp-content\/uploads\/2025\/04\/food-ordering-systems-for-restaurants-min-80x53.jpg 80w, https:\/\/filetgourmet.ca\/wp-content\/uploads\/2025\/04\/food-ordering-systems-for-restaurants-min-600x400.jpg 600w, https:\/\/filetgourmet.ca\/wp-content\/uploads\/2025\/04\/food-ordering-systems-for-restaurants-min.jpg 1200w\" sizes=\"(max-width: 1024px) 100vw, 1024px\" \/>\t\t\t\t\t\t\t\t\t\t\t\t\t\t\t<\/div>\n\t\t\t\t<\/div>\n\t\t\t\t<\/div>\n\t\t<div class=\"elementor-element elementor-element-e66bc42 e-con-full e-flex e-con e-child\" data-id=\"e66bc42\" data-element_type=\"container\" data-e-type=\"container\">\n\t\t\t\t<div class=\"elementor-element elementor-element-0e1b689 elementor-widget elementor-widget-heading\" data-id=\"0e1b689\" data-element_type=\"widget\" data-e-type=\"widget\" data-widget_type=\"heading.default\">\n\t\t\t\t<div class=\"elementor-widget-container\">\n\t\t\t\t\t<h2 class=\"elementor-heading-title elementor-size-default\">Volaille de l'Ontario r\u00e9frig\u00e9r\u00e9e \u00e0 l'air<\/h2>\t\t\t\t<\/div>\n\t\t\t\t<\/div>\n\t\t\t\t<div class=\"elementor-element elementor-element-acf159a elementor-widget elementor-widget-text-editor\" data-id=\"acf159a\" data-element_type=\"widget\" data-e-type=\"widget\" data-widget_type=\"text-editor.default\">\n\t\t\t\t<div class=\"elementor-widget-container\">\n\t\t\t\t\t\t\t\t\t<ul><li class=\"\" data-start=\"1376\" data-end=\"1417\"><p class=\"\" data-start=\"1378\" data-end=\"1417\"><span class=\"relative -mx-px my-[-0.2rem] rounded px-px py-[0.2rem] transition-colors duration-100 ease-in-out\">Nos volailles sont \u00e9lev\u00e9es en libert\u00e9, sans antibiotiques, hormones ou st\u00e9ro\u00efdes.<\/span><\/p><\/li><li class=\"\" data-start=\"1418\" data-end=\"1459\"><p class=\"\" data-start=\"1420\" data-end=\"1459\"><span class=\"relative -mx-px my-[-0.2rem] rounded px-px py-[0.2rem] transition-colors duration-100 ease-in-out\">Nous utilisons des m\u00e9thodes de refroidissement \u00e0 l&rsquo;air, en suspendant chaque oiseau individuellement dans des chambres froides afin d&rsquo;\u00e9viter toute contamination crois\u00e9e et d&rsquo;\u00e9liminer le besoin de refroidissement \u00e0 l&rsquo;eau et d&rsquo;additifs chimiques.<\/span><\/p><\/li><li class=\"\" data-start=\"1460\" data-end=\"1547\"><p class=\"\" data-start=\"1462\" data-end=\"1547\"><span class=\"relative -mx-px my-[-0.2rem] rounded px-px py-[0.2rem] transition-colors duration-100 ease-in-out\">Ce processus permet d&rsquo;am\u00e9liorer la texture et le go\u00fbt du produit final.<\/span><\/p><\/li><\/ul>\t\t\t\t\t\t\t\t<\/div>\n\t\t\t\t<\/div>\n\t\t\t\t<\/div>\n\t\t\t\t\t<\/div>\n\t\t\t\t<\/div>\n\t\t<div class=\"elementor-element elementor-element-bf05db6 e-flex e-con-boxed e-con e-parent\" data-id=\"bf05db6\" data-element_type=\"container\" data-e-type=\"container\">\n\t\t\t\t\t<div class=\"e-con-inner\">\n\t\t<div class=\"elementor-element elementor-element-f12ab42 e-con-full e-flex e-con e-child\" data-id=\"f12ab42\" data-element_type=\"container\" data-e-type=\"container\">\n\t\t\t\t<div class=\"elementor-element elementor-element-455c341 elementor-widget elementor-widget-image\" data-id=\"455c341\" data-element_type=\"widget\" data-e-type=\"widget\" data-widget_type=\"image.default\">\n\t\t\t\t<div class=\"elementor-widget-container\">\n\t\t\t\t\t\t\t\t\t\t\t\t\t\t\t<img fetchpriority=\"high\" decoding=\"async\" width=\"740\" height=\"493\" src=\"https:\/\/filetgourmet.ca\/wp-content\/uploads\/2025\/04\/cows-grazing-nature_23-215045497-min.png\" class=\"attachment-large size-large wp-image-3229\" alt=\"\" srcset=\"https:\/\/filetgourmet.ca\/wp-content\/uploads\/2025\/04\/cows-grazing-nature_23-215045497-min.png 740w, https:\/\/filetgourmet.ca\/wp-content\/uploads\/2025\/04\/cows-grazing-nature_23-215045497-min-300x200.png 300w, https:\/\/filetgourmet.ca\/wp-content\/uploads\/2025\/04\/cows-grazing-nature_23-215045497-min-80x53.png 80w, https:\/\/filetgourmet.ca\/wp-content\/uploads\/2025\/04\/cows-grazing-nature_23-215045497-min-600x400.png 600w\" sizes=\"(max-width: 740px) 100vw, 740px\" \/>\t\t\t\t\t\t\t\t\t\t\t\t\t\t\t<\/div>\n\t\t\t\t<\/div>\n\t\t\t\t<\/div>\n\t\t<div class=\"elementor-element elementor-element-030a296 e-con-full e-flex e-con e-child\" data-id=\"030a296\" data-element_type=\"container\" data-e-type=\"container\">\n\t\t\t\t<div class=\"elementor-element elementor-element-060e208 elementor-widget elementor-widget-heading\" data-id=\"060e208\" data-element_type=\"widget\" data-e-type=\"widget\" data-widget_type=\"heading.default\">\n\t\t\t\t<div class=\"elementor-widget-container\">\n\t\t\t\t\t<h2 class=\"elementor-heading-title elementor-size-default\">Fruits de mer sauvages<\/h2>\t\t\t\t<\/div>\n\t\t\t\t<\/div>\n\t\t\t\t<div class=\"elementor-element elementor-element-d1f6f9a elementor-widget elementor-widget-text-editor\" data-id=\"d1f6f9a\" data-element_type=\"widget\" data-e-type=\"widget\" data-widget_type=\"text-editor.default\">\n\t\t\t\t<div class=\"elementor-widget-container\">\n\t\t\t\t\t\t\t\t\t<ul><li class=\"\" data-start=\"1574\" data-end=\"1615\"><p class=\"\" data-start=\"1576\" data-end=\"1615\"><span class=\"relative -mx-px my-[-0.2rem] rounded px-px py-[0.2rem] transition-colors duration-100 ease-in-out\">Tous nos produits de la mer sont issus de la p\u00eache sauvage et de la p\u00eache durable.<\/span><\/p><\/li><li class=\"\" data-start=\"1616\" data-end=\"1657\"><p class=\"\" data-start=\"1618\" data-end=\"1657\"><span class=\"relative -mx-px my-[-0.2rem] rounded px-px py-[0.2rem] transition-colors duration-100 ease-in-out\">Nous travaillons avec des fournisseurs certifi\u00e9s Ocean Wise qui s&rsquo;engagent \u00e0 pr\u00e9server les oc\u00e9ans pour les g\u00e9n\u00e9rations futures.<\/span><\/p><\/li><li class=\"\" data-start=\"1658\" data-end=\"1745\"><p class=\"\" data-start=\"1660\" data-end=\"1745\"><span class=\"relative -mx-px my-[-0.2rem] rounded px-px py-[0.2rem] transition-colors duration-100 ease-in-out\">Nous proposons notamment du saumon sockeye sauvage de la c\u00f4te pacifique, des coquilles Saint-Jacques de l&rsquo;Atlantique, des crevettes des for\u00eats de mangroves sans aliments ni produits chimiques, et de la truite arc-en-ciel des rivi\u00e8res et ruisseaux froids de l&rsquo;Ontario.<\/span><\/p><\/li><\/ul>\t\t\t\t\t\t\t\t<\/div>\n\t\t\t\t<\/div>\n\t\t\t\t<\/div>\n\t\t\t\t\t<\/div>\n\t\t\t\t<\/div>\n\t\t<div class=\"elementor-element elementor-element-6b395bc e-flex e-con-boxed e-con e-parent\" data-id=\"6b395bc\" data-element_type=\"container\" data-e-type=\"container\">\n\t\t\t\t\t<div class=\"e-con-inner\">\n\t\t<div class=\"elementor-element elementor-element-eb82d3c e-con-full e-flex e-con e-child\" data-id=\"eb82d3c\" data-element_type=\"container\" data-e-type=\"container\" data-settings=\"{&quot;background_background&quot;:&quot;classic&quot;,&quot;position&quot;:&quot;fixed&quot;}\">\n\t\t\t\t<div class=\"elementor-element elementor-element-ee975ec elementor-align-center elementor-mobile-align-center elementor-widget elementor-widget-button\" data-id=\"ee975ec\" data-element_type=\"widget\" data-e-type=\"widget\" data-widget_type=\"button.default\">\n\t\t\t\t<div class=\"elementor-widget-container\">\n\t\t\t\t\t\t\t\t\t<div class=\"elementor-button-wrapper\">\n\t\t\t\t\t<a class=\"elementor-button elementor-button-link elementor-size-sm\" href=\"https:\/\/filetgourmet.ca\/fr\/magasinez\/\">\n\t\t\t\t\t\t<span class=\"elementor-button-content-wrapper\">\n\t\t\t\t\t\t<span class=\"elementor-button-icon\">\n\t\t\t\t<svg aria-hidden=\"true\" class=\"e-font-icon-svg e-fas-chevron-right\" viewBox=\"0 0 320 512\" xmlns=\"http:\/\/www.w3.org\/2000\/svg\"><path d=\"M285.476 272.971L91.132 467.314c-9.373 9.373-24.569 9.373-33.941 0l-22.667-22.667c-9.357-9.357-9.375-24.522-.04-33.901L188.505 256 34.484 101.255c-9.335-9.379-9.317-24.544.04-33.901l22.667-22.667c9.373-9.373 24.569-9.373 33.941 0L285.475 239.03c9.373 9.372 9.373 24.568.001 33.941z\"><\/path><\/svg>\t\t\t<\/span>\n\t\t\t\t\t\t\t\t\t<span class=\"elementor-button-text\">Commander<\/span>\n\t\t\t\t\t<\/span>\n\t\t\t\t\t<\/a>\n\t\t\t\t<\/div>\n\t\t\t\t\t\t\t\t<\/div>\n\t\t\t\t<\/div>\n\t\t\t\t<\/div>\n\t\t\t\t\t<\/div>\n\t\t\t\t<\/div>\n\t\t\t\t<\/div>\n\t\t","protected":false},"excerpt":{"rendered":"<p>Pratiques d&rsquo;approvisionnement chez FiletGourmet Chez FiletGourmet, nous nous engageons \u00e0 travailler en partenariat avec des agriculteurs et des fournisseurs qui partagent notre volont\u00e9 d&rsquo;\u00e9lever les animaux de mani\u00e8re naturelle, \u00e9thique et humaine. Nous appliquons des normes strictes pour garantir \u00e0 nos clients des prot\u00e9ines de la plus haute qualit\u00e9. Voici un aper\u00e7u de nos pratiques [&hellip;]<\/p>\n","protected":false},"author":1,"featured_media":0,"parent":0,"menu_order":0,"comment_status":"closed","ping_status":"closed","template":"elementor_header_footer","meta":{"footnotes":""},"class_list":["post-3342","page","type-page","status-publish","hentry"],"blocksy_meta":[],"_links":{"self":[{"href":"https:\/\/filetgourmet.ca\/fr\/wp-json\/wp\/v2\/pages\/3342","targetHints":{"allow":["GET"]}}],"collection":[{"href":"https:\/\/filetgourmet.ca\/fr\/wp-json\/wp\/v2\/pages"}],"about":[{"href":"https:\/\/filetgourmet.ca\/fr\/wp-json\/wp\/v2\/types\/page"}],"author":[{"embeddable":true,"href":"https:\/\/filetgourmet.ca\/fr\/wp-json\/wp\/v2\/users\/1"}],"replies":[{"embeddable":true,"href":"https:\/\/filetgourmet.ca\/fr\/wp-json\/wp\/v2\/comments?post=3342"}],"version-history":[{"count":5,"href":"https:\/\/filetgourmet.ca\/fr\/wp-json\/wp\/v2\/pages\/3342\/revisions"}],"predecessor-version":[{"id":3886,"href":"https:\/\/filetgourmet.ca\/fr\/wp-json\/wp\/v2\/pages\/3342\/revisions\/3886"}],"wp:attachment":[{"href":"https:\/\/filetgourmet.ca\/fr\/wp-json\/wp\/v2\/media?parent=3342"}],"curies":[{"name":"wp","href":"https:\/\/api.w.org\/{rel}","templated":true}]}}